{"id":12,"date":"2013-12-16T16:03:40","date_gmt":"2013-12-16T14:03:40","guid":{"rendered":"http:\/\/learnandmore.com\/?page_id=12"},"modified":"2014-04-24T15:31:22","modified_gmt":"2014-04-24T13:31:22","slug":"training-bei-rechenschwierigkeiten","status":"publish","type":"page","link":"https:\/\/learnandmore.com\/de\/unsere-angebote\/training-bei-rechenschwierigkeiten\/","title":{"rendered":"Training bei Rechenschwierigkeiten"},"content":{"rendered":"<p>Dyskalkulie ist eine Einschr\u00e4nkung des arithmetischen Denkens und zeigt sich nicht nur beim schulischen Lernen von Kindern und Jugendlichen, sondern auch bei Erwachsenen. So kann die Zuordnung von Zahlnamen zu den Zahlmengen gest\u00f6rt sein oder die Bew\u00e4ltigung mathematischer Aufgaben erfolgt, ohne dass die Verfahrenstechniken verstanden werden.<\/p>\n<p>Auch das Festhalten an der Nutzung von Veranschaulichungen (\u201cFinger z\u00e4hlen\u201d) bis in h\u00f6here Klassen kann ein Hinweis f\u00fcr eine Rechenschwierigkeit sein. Rechenschwierigkeiten treten h\u00e4ufig als komplexes Gebilde verschiedenster Auspr\u00e4gungen auf. Insgesamt ist stets das mathematische Grundverst\u00e4ndnis nicht oder nur eingeschr\u00e4nkt vorhanden.<\/p>\n<p>Das Lernstudio unterst\u00fctzt das \u00dcberwinden von Rechenschwierigkeiten durch ein gezieltes Training unter Anwendung bew\u00e4hrter Methoden. Diese ersetzen nicht eine Lerntherapie bei diagnostizierter Dyskalkulie, sondern sind von einem pr\u00e4ventiven Gedanken der F\u00f6rderung gepr\u00e4gt. So geh\u00f6ren die Wahrnehmungsschulung und das gezielte Training der Simultanerfassung zum Konzept.<\/p>\n","protected":false},"excerpt":{"rendered":"<p>Dyskalkulie ist eine Einschr\u00e4nkung des arithmetischen Denkens und zeigt sich nicht nur beim schulischen Lernen von Kindern und Jugendlichen, sondern auch bei Erwachsenen. So kann die Zuordnung von Zahlnamen zu den Zahlmengen gest\u00f6rt sein oder die Bew\u00e4ltigung mathematischer Aufgaben erfolgt, ohne dass die Verfahrenstechniken verstanden werden. Auch das Festhalten an der Nutzung von Veranschaulichungen (\u201cFinger &hellip; <a href=\"https:\/\/learnandmore.com\/de\/unsere-angebote\/training-bei-rechenschwierigkeiten\/\" class=\"more-link\"><span class=\"screen-reader-text\">Training bei Rechenschwierigkeiten<\/span> weiterlesen<\/a><\/p>\n","protected":false},"author":2,"featured_media":143,"parent":55,"menu_order":0,"comment_status":"open","ping_status":"open","template":"","meta":{"_acf_changed":false,"footnotes":""},"class_list":["post-12","page","type-page","status-publish","has-post-thumbnail","hentry"],"acf":[],"_links":{"self":[{"href":"https:\/\/learnandmore.com\/de\/wp-json\/wp\/v2\/pages\/12","targetHints":{"allow":["GET"]}}],"collection":[{"href":"https:\/\/learnandmore.com\/de\/wp-json\/wp\/v2\/pages"}],"about":[{"href":"https:\/\/learnandmore.com\/de\/wp-json\/wp\/v2\/types\/page"}],"author":[{"embeddable":true,"href":"https:\/\/learnandmore.com\/de\/wp-json\/wp\/v2\/users\/2"}],"replies":[{"embeddable":true,"href":"https:\/\/learnandmore.com\/de\/wp-json\/wp\/v2\/comments?post=12"}],"version-history":[{"count":5,"href":"https:\/\/learnandmore.com\/de\/wp-json\/wp\/v2\/pages\/12\/revisions"}],"predecessor-version":[{"id":485,"href":"https:\/\/learnandmore.com\/de\/wp-json\/wp\/v2\/pages\/12\/revisions\/485"}],"up":[{"embeddable":true,"href":"https:\/\/learnandmore.com\/de\/wp-json\/wp\/v2\/pages\/55"}],"wp:featuredmedia":[{"embeddable":true,"href":"https:\/\/learnandmore.com\/de\/wp-json\/wp\/v2\/media\/143"}],"wp:attachment":[{"href":"https:\/\/learnandmore.com\/de\/wp-json\/wp\/v2\/media?parent=12"}],"curies":[{"name":"wp","href":"https:\/\/api.w.org\/{rel}","templated":true}]}}