{"id":20,"date":"2013-12-16T16:06:50","date_gmt":"2013-12-16T14:06:50","guid":{"rendered":"http:\/\/learnandmore.com\/?page_id=20"},"modified":"2015-07-22T14:25:33","modified_gmt":"2015-07-22T12:25:33","slug":"konzeption","status":"publish","type":"page","link":"https:\/\/learnandmore.com\/de\/konzeption\/","title":{"rendered":"P\u00e4dagogische Konzeption"},"content":{"rendered":"<p>Die vielf\u00e4ltigen Bed\u00fcrfnisse der Sch\u00fclerinnen und Sch\u00fcler bei der Bew\u00e4ltigung der Lernanforderungen wollen wir mit einer breiten Palette an Angeboten und einer m\u00f6glichen Auswahl unterst\u00fctzen.<\/p>\n<p><strong>Lernbegleitung<\/strong><\/p>\n<p>Neben sicherem Fachwissen ist es vor allem Spa\u00df am Lernen und die eigene Motivation, die eine Basis f\u00fcr schulischen Erfolg sichern. Erfolgreiches Lernen st\u00e4rkt das Selbstvertrauen der Sch\u00fclerinnen und Sch\u00fcler und wirkt sich positiv auf alle Lebensbereiche aus. Schulische Probleme haben verschiedenste Ursachen und es gibt keine Patentrezepte. Wir begleiten die Sch\u00fclerinnen und Sch\u00fcler ganzj\u00e4hrig bei der Vorbereitung von Tests, Schularbeiten und Pr\u00fcfungen, beim Aufholen von Vers\u00e4umnissen durch Krankheit oder Schulwechsel sowie bei der Aufarbeitung des aktuellen Lernstoffs.<\/p>\n<p>Nur eine individuell auf den einzelnen Sch\u00fcler bzw. die einzelne Sch\u00fclerin zugeschnittene, anschauliche Lernbegleitung kann dieser Herausforderung gerecht werden. Besonders wichtig ist eine offene Lernatmosph\u00e4re, in der Fehler kein Makel sind, sondern zum besseren Verst\u00e4ndnis des Gelernten nutzbar gemacht werden.<\/p>\n<p>Die Vermittlung von Lerntechniken und Merkstrategien unterst\u00fctzt die Sicherung einer soliden und dauerhaften Wissensbasis. Au\u00dferordentlich bedeutsam ist die St\u00e4rkung des Vertrauens in die eigenen F\u00e4higkeiten und die Vermittlung des Gef\u00fchls, Lernhindernisse schrittweise bew\u00e4ltigen zu k\u00f6nnen. Das kontinuierliche Lernen in der Kleingruppe oder in Einzelbegleitung bietet hierf\u00fcr die besten Voraussetzungen. F\u00fcr die Bew\u00e4ltigung kurzfristiger schulischer Anforderungen k\u00f6nnen auch einzelne Einheiten gebucht werden.<\/p>\n<p>Unsere Lernbegleitung geht \u00fcber eine blo\u00dfe Nachhilfe hinaus, wir stellen die Kinder und Jugendlichen in den Mittelpunkt unseres Handelns, schenken ihnen Vertrauen, geben ihnen Aufmerksamkeit und Zuwendung.<\/p>\n<p>Wir bieten eine angenehme, moderne und qualifiziert betreute Lernumgebung in ruhiger Atmosph\u00e4re mit freiem Zugang zu allen Lernmaterialien.<\/p>\n<p><strong>Hausaufgabenbegleitung<\/strong><\/p>\n<p>Hausaufgaben geh\u00f6ren zu den regelm\u00e4\u00dfigen Pflichten der Sch\u00fclerinnen und Sch\u00fcler. Oft fehlen jedoch Ansprechpartner, die an schwierigen Stellen weiterhelfen oder Orientierung geben k\u00f6nnen. Mitunter zieht sich die Erledigung bis in den sp\u00e4ten Abend hinein und kostet die Sch\u00fclerinnen und Sch\u00fcler, vor allem aber auch die Eltern, viel Zeit und Nerven.<\/p>\n<p>Eine qualifizierte Begleitung unterst\u00fctzt die Anfertigung der Hausaufgaben und hilft bei Fragen oder Problemen. Sich in den schulischen Materialien orientieren, Medien f\u00fcr die Wissensaneignung nutzen oder die Organisation eines selbstst\u00e4ndigen Lernens sind wichtige Techniken, die f\u00fcr die Sch\u00fclerinnen und Sch\u00fcler nutzbar gemacht werden. Wir unterst\u00fctzen den Selbstlernprozess mit hilfreichen Hinweisen und zus\u00e4tzlichen Materialien. Die Nutzung der vorhandenen Medien oder der Druck f\u00fcr schulische Zwecke sind kostenfrei.<\/p>\n<p><strong>Ferienangebote<\/strong><\/p>\n<p>Wir bieten in der Ferienzeit die M\u00f6glichkeit, schulische Themen zu wiederholen und zu verfestigen. In verschiedenen Stationen werden zu den einzelnen Unterrichtsf\u00e4chern Angebote geschaffen, bei denen der Sch\u00fcler bzw. die Sch\u00fclerin die M\u00f6glichkeit erh\u00e4lt, ganz gezielt den Unterrichtsstoff zu \u00fcben und zu wiederholen. Wir sind jederzeit Ansprechpartner, um Hilfestellung zu geben. In einer lockeren Atmosph\u00e4re soll der Sch\u00fcler bzw. die Sch\u00fclerin mit Freude die Thematiken bearbeiten.<\/p>\n<p><strong>Lese- und Rechtschreibtraining<\/strong><\/p>\n<p>F\u00fcr Kinder mit einer vermuteten oder diagnostizierten Lese- Rechtschreibschw\u00e4che wird die AFS- Methode als eine umfassende Methode des Trainings von Aufmerksamkeit, Funktion und Symptom eingesetzt. Spezifische Materialien und \u00dcbungen dienen der gezielten Schulung der Aufmerksamkeit beim Schreiben und Lesen. Lernerfolge sind ein wichtiger Bestandteil der Entwicklung von Lernmotivation und Lernfreude. Diese zu wecken bzw. (wieder-) zu entdecken, ist eine Herausforderung, der wir uns stellen.<\/p>\n<p><strong>Lesef\u00f6rderung<\/strong><\/p>\n<p>Die Auseinandersetzung mit Text in Sprache und Schrift ist eine wichtige kulturelle Schl\u00fcsselqualifikation. Mit den Angeboten des Vorlesens, stillen Lesens, Partnerlesens, Schreibwerkst\u00e4tten uvm. werden die Kinder zu eigenst\u00e4ndiger Kreativit\u00e4t angeregt, sich mit Texten vielf\u00e4ltiger Art auseinanderzusetzen. Die Nutzung der modernen Medien, wie bspw. H\u00f6rb\u00fccher, erweitern die Angebotspalette.<\/p>\n<p><strong>Training bei Rechenschwierigkeiten<\/strong><\/p>\n<p>Zur \u00dcberwindung von Rechenschwierigkeiten tr\u00e4gt ein gezieltes Training unter Anwendung bew\u00e4hrter Methoden bei. Im Mittelpunkt stehen der pr\u00e4ventive F\u00f6rdergedanke, die Wahrnehmungsschulung und das Training der Simultanerfassung. Die p\u00e4dagogischen Ma\u00dfnahmen sind individuell auf die jeweiligen Bed\u00fcrfnisse des Kindes abgestimmt und verstehen sich bei diagnostizierter Dyskalkulie als erg\u00e4nzendes Angebot.<\/p>\n<p><strong>Textcoaching<\/strong><\/p>\n<p>Facharbeiten, wissenschaftliche Hausarbeiten oder Abschlussarbeiten sind wichtige Meilensteine in Ihrer Ausbildung. Sie pr\u00e4sentieren damit Ihre pers\u00f6nliche Leistung und brauchen daf\u00fcr Ihre ganze Konzentration. Wir helfen Ihnen, dass Ihre Arbeit in Bestform kommt und Sie mit Gewissheit Ihr Potenzial aussch\u00f6pfen k\u00f6nnen. Wir stehen Ihnen beratend und mitwirkend zur Seite und entwickeln mit Ihnen gemeinsam Ihre Entw\u00fcrfe bis zu einem zufriedenstellenden Ergebnis.<\/p>\n","protected":false},"excerpt":{"rendered":"<p>Die vielf\u00e4ltigen Bed\u00fcrfnisse der Sch\u00fclerinnen und Sch\u00fcler bei der Bew\u00e4ltigung der Lernanforderungen wollen wir mit einer breiten Palette an Angeboten und einer m\u00f6glichen Auswahl unterst\u00fctzen. Lernbegleitung Neben sicherem Fachwissen ist es vor allem Spa\u00df am Lernen und die eigene Motivation, die eine Basis f\u00fcr schulischen Erfolg sichern. Erfolgreiches Lernen st\u00e4rkt das Selbstvertrauen der Sch\u00fclerinnen und &hellip; <a href=\"https:\/\/learnandmore.com\/de\/konzeption\/\" class=\"more-link\"><span class=\"screen-reader-text\">P\u00e4dagogische Konzeption<\/span> weiterlesen<\/a><\/p>\n","protected":false},"author":2,"featured_media":138,"parent":0,"menu_order":0,"comment_status":"open","ping_status":"open","template":"","meta":{"_acf_changed":false,"footnotes":""},"class_list":["post-20","page","type-page","status-publish","has-post-thumbnail","hentry"],"acf":[],"_links":{"self":[{"href":"https:\/\/learnandmore.com\/de\/wp-json\/wp\/v2\/pages\/20","targetHints":{"allow":["GET"]}}],"collection":[{"href":"https:\/\/learnandmore.com\/de\/wp-json\/wp\/v2\/pages"}],"about":[{"href":"https:\/\/learnandmore.com\/de\/wp-json\/wp\/v2\/types\/page"}],"author":[{"embeddable":true,"href":"https:\/\/learnandmore.com\/de\/wp-json\/wp\/v2\/users\/2"}],"replies":[{"embeddable":true,"href":"https:\/\/learnandmore.com\/de\/wp-json\/wp\/v2\/comments?post=20"}],"version-history":[{"count":9,"href":"https:\/\/learnandmore.com\/de\/wp-json\/wp\/v2\/pages\/20\/revisions"}],"predecessor-version":[{"id":684,"href":"https:\/\/learnandmore.com\/de\/wp-json\/wp\/v2\/pages\/20\/revisions\/684"}],"wp:featuredmedia":[{"embeddable":true,"href":"https:\/\/learnandmore.com\/de\/wp-json\/wp\/v2\/media\/138"}],"wp:attachment":[{"href":"https:\/\/learnandmore.com\/de\/wp-json\/wp\/v2\/media?parent=20"}],"curies":[{"name":"wp","href":"https:\/\/api.w.org\/{rel}","templated":true}]}}