{"id":218,"date":"2014-03-18T16:09:40","date_gmt":"2014-03-18T14:09:40","guid":{"rendered":"http:\/\/learnandmore.com\/?page_id=218"},"modified":"2024-05-22T09:14:23","modified_gmt":"2024-05-22T08:14:23","slug":"218-2","status":"publish","type":"page","link":"https:\/\/learnandmore.com\/de\/","title":{"rendered":"Herzlich willkommen"},"content":{"rendered":"\r\n<h1 style=\"text-align: left;\">im Lernstudio Bruneck\u00a0<\/h1>\r\n<hr \/>\r\n<div>\r\n<h3 style=\"text-align: center;\"><span style=\"font-size: 17px; font-weight: 400;\"><div id=\"metaslider-id-170\" style=\"max-width: 700px;\" class=\"ml-slider-3-107-0 metaslider metaslider-flex metaslider-170 ml-slider has-dots-nav ms-theme-default\" role=\"region\" aria-label=\"Startseite\" data-height=\"300\" data-width=\"700\">\n    <div id=\"metaslider_container_170\">\n        <div id=\"metaslider_170\" class=\"flexslider\">\n            <ul class='slides'>\n                <li style=\"display: block; width: 100%;\" class=\"slide-1270 ms-image \" aria-roledescription=\"slide\" data-date=\"2019-09-05 21:38:56\" data-filename=\"alphabet-140054_640-640x274.jpg\" data-slide-type=\"image\"><img loading=\"lazy\" decoding=\"async\" src=\"https:\/\/learnandmore.com\/wp-content\/uploads\/2014\/03\/alphabet-140054_640-640x274.jpg\" height=\"300\" width=\"700\" alt=\"\" class=\"slider-170 slide-1270 msDefaultImage\" title=\"alphabet-140054_640\" \/><\/li>\n                <li style=\"display: none; width: 100%;\" class=\"slide-1267 ms-image \" aria-roledescription=\"slide\" data-date=\"2019-09-05 21:35:07\" data-filename=\"IMG-20240910-WA0005-700x300.jpg\" data-slide-type=\"image\"><img loading=\"lazy\" decoding=\"async\" src=\"https:\/\/learnandmore.com\/wp-content\/uploads\/2024\/09\/IMG-20240910-WA0005-700x300.jpg\" height=\"300\" width=\"700\" alt=\"\" class=\"slider-170 slide-1267 msDefaultImage\" title=\"IMG-20240910-WA0005\" \/><\/li>\n                <li style=\"display: none; width: 100%;\" class=\"slide-1266 ms-image \" aria-roledescription=\"slide\" data-date=\"2019-09-05 21:35:07\" data-filename=\"IMG-20240910-WA0006-700x300.jpg\" data-slide-type=\"image\"><img loading=\"lazy\" decoding=\"async\" src=\"https:\/\/learnandmore.com\/wp-content\/uploads\/2024\/09\/IMG-20240910-WA0006-700x300.jpg\" height=\"300\" width=\"700\" alt=\"\" class=\"slider-170 slide-1266 msDefaultImage\" title=\"IMG-20240910-WA0006\" \/><\/li>\n                <li style=\"display: none; width: 100%;\" class=\"slide-1265 ms-image \" aria-roledescription=\"slide\" data-date=\"2019-09-05 21:34:04\" data-filename=\"IMG-20240910-WA0008-700x300.jpg\" data-slide-type=\"image\"><img loading=\"lazy\" decoding=\"async\" src=\"https:\/\/learnandmore.com\/wp-content\/uploads\/2024\/09\/IMG-20240910-WA0008-700x300.jpg\" height=\"300\" width=\"700\" alt=\"\" class=\"slider-170 slide-1265 msDefaultImage\" title=\"IMG-20240910-WA0008\" \/><\/li>\n                <li style=\"display: none; width: 100%;\" class=\"slide-1220 ms-image \" aria-roledescription=\"slide\" data-date=\"2019-01-20 20:21:08\" data-filename=\"IMG-20240910-WA0009-700x300.jpg\" data-slide-type=\"image\"><img loading=\"lazy\" decoding=\"async\" src=\"https:\/\/learnandmore.com\/wp-content\/uploads\/2024\/09\/IMG-20240910-WA0009-700x300.jpg\" height=\"300\" width=\"700\" alt=\"\" class=\"slider-170 slide-1220 msDefaultImage\" title=\"IMG-20240910-WA0009\" \/><\/li>\n                <li style=\"display: none; width: 100%;\" class=\"slide-1606 ms-image \" aria-roledescription=\"slide\" data-date=\"2024-09-12 10:59:02\" data-filename=\"IMG-20240910-WA0011-700x300.jpg\" data-slide-type=\"image\"><img loading=\"lazy\" decoding=\"async\" src=\"https:\/\/learnandmore.com\/wp-content\/uploads\/2024\/09\/IMG-20240910-WA0011-700x300.jpg\" height=\"300\" width=\"700\" alt=\"\" class=\"slider-170 slide-1606 msDefaultImage\" title=\"IMG-20240910-WA0011\" \/><\/li>\n                <li style=\"display: none; width: 100%;\" class=\"slide-1607 ms-image \" aria-roledescription=\"slide\" data-date=\"2024-09-12 10:59:16\" data-filename=\"IMG-20240910-WA0013-700x300.jpg\" data-slide-type=\"image\"><img loading=\"lazy\" decoding=\"async\" src=\"https:\/\/learnandmore.com\/wp-content\/uploads\/2024\/09\/IMG-20240910-WA0013-700x300.jpg\" height=\"300\" width=\"700\" alt=\"\" class=\"slider-170 slide-1607 msDefaultImage\" title=\"IMG-20240910-WA0013\" \/><\/li>\n                <li style=\"display: none; width: 100%;\" class=\"slide-1608 ms-image \" aria-roledescription=\"slide\" data-date=\"2024-09-12 10:59:26\" data-filename=\"IMG-20240910-WA0014-700x300.jpg\" data-slide-type=\"image\"><img loading=\"lazy\" decoding=\"async\" src=\"https:\/\/learnandmore.com\/wp-content\/uploads\/2024\/09\/IMG-20240910-WA0014-700x300.jpg\" height=\"300\" width=\"700\" alt=\"\" class=\"slider-170 slide-1608 msDefaultImage\" title=\"IMG-20240910-WA0014\" \/><\/li>\n                <li style=\"display: none; width: 100%;\" class=\"slide-1609 ms-image \" aria-roledescription=\"slide\" data-date=\"2024-09-12 10:59:34\" data-filename=\"IMG-20240910-WA0016-700x300.jpg\" data-slide-type=\"image\"><img loading=\"lazy\" decoding=\"async\" src=\"https:\/\/learnandmore.com\/wp-content\/uploads\/2024\/09\/IMG-20240910-WA0016-700x300.jpg\" height=\"300\" width=\"700\" alt=\"\" class=\"slider-170 slide-1609 msDefaultImage\" title=\"IMG-20240910-WA0016\" \/><\/li>\n                <li style=\"display: none; width: 100%;\" class=\"slide-1610 ms-image \" aria-roledescription=\"slide\" data-date=\"2024-09-12 10:59:40\" data-filename=\"IMG-20240910-WA0018-700x300.jpg\" data-slide-type=\"image\"><img loading=\"lazy\" decoding=\"async\" src=\"https:\/\/learnandmore.com\/wp-content\/uploads\/2024\/09\/IMG-20240910-WA0018-700x300.jpg\" height=\"300\" width=\"700\" alt=\"\" class=\"slider-170 slide-1610 msDefaultImage\" title=\"IMG-20240910-WA0018\" \/><\/li>\n                <li style=\"display: none; width: 100%;\" class=\"slide-1611 ms-image \" aria-roledescription=\"slide\" data-date=\"2024-09-12 10:59:48\" data-filename=\"IMG-20240910-WA0019-700x300.jpg\" data-slide-type=\"image\"><img loading=\"lazy\" decoding=\"async\" src=\"https:\/\/learnandmore.com\/wp-content\/uploads\/2024\/09\/IMG-20240910-WA0019-700x300.jpg\" height=\"300\" width=\"700\" alt=\"\" class=\"slider-170 slide-1611 msDefaultImage\" title=\"IMG-20240910-WA0019\" \/><\/li>\n            <\/ul>\n        <\/div>\n        \n    <\/div>\n<\/div><\/span><\/h3>\r\n<hr \/><\/div>\r\n<div style=\"text-align: center;\">\r\n<p>&nbsp;<\/p>\r\n<p>Das Lernstudio Learn &amp; More Bruneck besteht seit 2013 und ist ein privat gef\u00fchrtes Familienunternehmen, das professionelle Lernbegleitung f\u00fcr alle Schulstufen anbietet. Wir k\u00fcmmern uns individuell um Sie und Ihr Kind und entwickeln gemeinsam mit Ihnen die Unterst\u00fctzungsm\u00f6glichkeiten. Im ersten Kontaktgespr\u00e4ch lernen Sie uns und unsere Lehrpersonen pers\u00f6nlich kennen und w\u00e4hlen die gew\u00fcnschte Art der Lernbegleitung sowie die individuellen Zeit aus. Wir arbeiten auf Wunsch mit den Lehrpersonen der Schule Ihres Kindes zusammen, um den Lernbed\u00fcrfnissen noch optimaler entsprechen zu k\u00f6nnen. \u00dcbrigens betreuen wir auch Studenten bei wissenschaftlichen Arbeiten und bieten Qualifizierungen f\u00fcr Erwachsene an. Gern informieren wir Sie detailliert und freuen uns auf Ihren Besuch in unserem Lernstudio.\u00a0<\/p>\r\n<\/div>\r\n<div class=\"text_exposed_show\"><hr \/>\u00a0<\/div>\r\n","protected":false},"excerpt":{"rendered":"<p>im Lernstudio Bruneck\u00a0 &nbsp; Das Lernstudio Learn &amp; More Bruneck besteht seit 2013 und ist ein privat gef\u00fchrtes Familienunternehmen, das professionelle Lernbegleitung f\u00fcr alle Schulstufen anbietet. Wir k\u00fcmmern uns individuell um Sie und Ihr Kind und entwickeln gemeinsam mit Ihnen die Unterst\u00fctzungsm\u00f6glichkeiten. Im ersten Kontaktgespr\u00e4ch lernen Sie uns und unsere Lehrpersonen pers\u00f6nlich kennen und w\u00e4hlen &hellip; <a href=\"https:\/\/learnandmore.com\/de\/\" class=\"more-link\"><span class=\"screen-reader-text\">Herzlich willkommen<\/span> weiterlesen<\/a><\/p>\n","protected":false},"author":2,"featured_media":0,"parent":0,"menu_order":0,"comment_status":"open","ping_status":"open","template":"","meta":{"_acf_changed":false,"footnotes":""},"class_list":["post-218","page","type-page","status-publish","hentry"],"acf":[],"_links":{"self":[{"href":"https:\/\/learnandmore.com\/de\/wp-json\/wp\/v2\/pages\/218","targetHints":{"allow":["GET"]}}],"collection":[{"href":"https:\/\/learnandmore.com\/de\/wp-json\/wp\/v2\/pages"}],"about":[{"href":"https:\/\/learnandmore.com\/de\/wp-json\/wp\/v2\/types\/page"}],"author":[{"embeddable":true,"href":"https:\/\/learnandmore.com\/de\/wp-json\/wp\/v2\/users\/2"}],"replies":[{"embeddable":true,"href":"https:\/\/learnandmore.com\/de\/wp-json\/wp\/v2\/comments?post=218"}],"version-history":[{"count":388,"href":"https:\/\/learnandmore.com\/de\/wp-json\/wp\/v2\/pages\/218\/revisions"}],"predecessor-version":[{"id":1565,"href":"https:\/\/learnandmore.com\/de\/wp-json\/wp\/v2\/pages\/218\/revisions\/1565"}],"wp:attachment":[{"href":"https:\/\/learnandmore.com\/de\/wp-json\/wp\/v2\/media?parent=218"}],"curies":[{"name":"wp","href":"https:\/\/api.w.org\/{rel}","templated":true}]}}