{"id":22,"date":"2013-12-16T16:07:34","date_gmt":"2013-12-16T14:07:34","guid":{"rendered":"http:\/\/learnandmore.com\/?page_id=22"},"modified":"2025-12-29T08:57:19","modified_gmt":"2025-12-29T07:57:19","slug":"unsere_angebote","status":"publish","type":"page","link":"https:\/\/learnandmore.com\/de\/unsere_angebote\/","title":{"rendered":"Unsere Angebote"},"content":{"rendered":"<p>Lernbegleitung ist dann erfolgreich, wenn wir in einer vertrauensvollen Atmosph\u00e4re die St\u00e4rken des Kindes f\u00f6rdern und gemeinsam mit ihm an den Schw\u00e4chen arbeiten. Dies kann in der Gruppe oder einzeln erfolgen. Sie k\u00f6nnen unter folgenden Angeboten w\u00e4hlen:<\/p>\n<p><strong>Lernbegleitung in der Gruppe<\/strong><\/p>\n<ul>\n<li>LernABO ohne zeitliche Begrenzung\/ 150,00\u20ac monatlich<\/li>\n<li>Lernkarte \u00fcber 10 Einheiten \u00e0 50 Minuten\/ 300,00\u20ac (1 Einheit\/ 35,00\u20ac)<\/li>\n<\/ul>\n<p><strong>Lernbegleitung einzeln<\/strong><\/p>\n<ul>\n<li>Lernkarte \u00fcber 10 Einheiten \u00e0 50 Minuten\/ 400,00\u20ac (1 Einheit\/ 45,00\u20ac)<\/li>\n<\/ul>\n<p><strong>Sprachkurse<\/strong><\/p>\n<ul>\n<li>ab 14,80\u20ac pro Einheit (bei 100 Einheiten)<\/li>\n<\/ul>\n<p><strong>Akademisches Coaching<\/strong><\/p>\n<ul>\n<li>Preise nach Vereinbarung<\/li>\n<\/ul>\n<hr \/>\n<p><a href=\"https:\/\/learnandmore.com\/wp-content\/uploads\/2020\/02\/FamilyEuregio_zwei-Rauten-Logo-f\u00fcr-die-Homepage.jpg\"><img loading=\"lazy\" decoding=\"async\" class=\"aligncenter size-medium wp-image-1351\" src=\"https:\/\/learnandmore.com\/wp-content\/uploads\/2020\/02\/FamilyEuregio_zwei-Rauten-Logo-f\u00fcr-die-Homepage-300x176.jpg\" alt=\"\" width=\"300\" height=\"176\" srcset=\"https:\/\/learnandmore.com\/wp-content\/uploads\/2020\/02\/FamilyEuregio_zwei-Rauten-Logo-f\u00fcr-die-Homepage-300x176.jpg 300w, https:\/\/learnandmore.com\/wp-content\/uploads\/2020\/02\/FamilyEuregio_zwei-Rauten-Logo-f\u00fcr-die-Homepage.jpg 652w\" sizes=\"auto, (max-width: 300px) 100vw, 300px\" \/><\/a><\/p>\n<p>Sie erhalten 10% Erm\u00e4\u00dfigung auf die Nutzung des LernABOs f\u00fcr das 2. und jedes weitere Kind.<\/p>\n","protected":false},"excerpt":{"rendered":"<p>Lernbegleitung ist dann erfolgreich, wenn wir in einer vertrauensvollen Atmosph\u00e4re die St\u00e4rken des Kindes f\u00f6rdern und gemeinsam mit ihm an den Schw\u00e4chen arbeiten. Dies kann in der Gruppe oder einzeln erfolgen. Sie k\u00f6nnen unter folgenden Angeboten w\u00e4hlen: Lernbegleitung in der Gruppe LernABO ohne zeitliche Begrenzung\/ 150,00\u20ac monatlich Lernkarte \u00fcber 10 Einheiten \u00e0 50 Minuten\/ 300,00\u20ac &hellip; <a href=\"https:\/\/learnandmore.com\/de\/unsere_angebote\/\" class=\"more-link\"><span class=\"screen-reader-text\">Unsere Angebote<\/span> weiterlesen<\/a><\/p>\n","protected":false},"author":2,"featured_media":0,"parent":0,"menu_order":0,"comment_status":"open","ping_status":"open","template":"","meta":{"_acf_changed":false,"footnotes":""},"class_list":["post-22","page","type-page","status-publish","hentry"],"acf":[],"_links":{"self":[{"href":"https:\/\/learnandmore.com\/de\/wp-json\/wp\/v2\/pages\/22","targetHints":{"allow":["GET"]}}],"collection":[{"href":"https:\/\/learnandmore.com\/de\/wp-json\/wp\/v2\/pages"}],"about":[{"href":"https:\/\/learnandmore.com\/de\/wp-json\/wp\/v2\/types\/page"}],"author":[{"embeddable":true,"href":"https:\/\/learnandmore.com\/de\/wp-json\/wp\/v2\/users\/2"}],"replies":[{"embeddable":true,"href":"https:\/\/learnandmore.com\/de\/wp-json\/wp\/v2\/comments?post=22"}],"version-history":[{"count":37,"href":"https:\/\/learnandmore.com\/de\/wp-json\/wp\/v2\/pages\/22\/revisions"}],"predecessor-version":[{"id":1678,"href":"https:\/\/learnandmore.com\/de\/wp-json\/wp\/v2\/pages\/22\/revisions\/1678"}],"wp:attachment":[{"href":"https:\/\/learnandmore.com\/de\/wp-json\/wp\/v2\/media?parent=22"}],"curies":[{"name":"wp","href":"https:\/\/api.w.org\/{rel}","templated":true}]}}