{"id":234,"date":"2014-03-18T18:42:28","date_gmt":"2014-03-18T16:42:28","guid":{"rendered":"http:\/\/learnandmore.com\/?page_id=234"},"modified":"2022-06-10T13:49:42","modified_gmt":"2022-06-10T12:49:42","slug":"das-team","status":"publish","type":"page","link":"https:\/\/learnandmore.com\/de\/das-team\/","title":{"rendered":"Das Team"},"content":{"rendered":"<p><strong>Petra Baumgart<\/strong><\/p>\n<p><img loading=\"lazy\" decoding=\"async\" class=\"alignnone size-full wp-image-907\" src=\"https:\/\/learnandmore.com\/wp-content\/uploads\/2014\/03\/Petra.jpg\" alt=\"\" width=\"300\" height=\"400\" \/><\/p>\n<p>Diplomlehrerin f\u00fcr Mathematik und Physik; langj\u00e4hrige berufliche Erfahrungen in der Schulpraxis und im Schulaufsichtswesen in Deutschland<\/p>\n<p><span style=\"text-decoration: underline;\">T\u00e4tigkeitsschwerpunkte:<\/span> Unterrichtsf\u00e4cher Mathematik, Physik sowie Deutsch und Englisch. Im Mittelpunkt steht dabei die Erarbeitung individuell abgestimmter Lerntechniken, die Grundlagenkenntnisse zu festigen und das neue Wissen verarbeiten helfen. Zur Unterst\u00fctzung werden bew\u00e4hrte Materialien von bekannten Schulbuchverlagen sowie die modernen Medien eingesetzt. Die Lernbegleitung erfolgt in Kleingruppen oder im Einzelkontext.<\/p>\n<p><em>Ihr Credo: \u201cEs kann dir jemand die T\u00fcr \u00f6ffnen, hindurchgehen musst du selbst.\u201d (Konfuzius)<\/em><\/p>\n<hr \/>\n<p><strong>Antje Baumgart<\/strong><\/p>\n<p><img loading=\"lazy\" decoding=\"async\" class=\"alignnone size-full wp-image-909\" src=\"https:\/\/learnandmore.com\/wp-content\/uploads\/2014\/03\/Antje.jpg\" alt=\"\" width=\"200\" height=\"200\" \/><\/p>\n<p>Diplomsozialp\u00e4dagogin; mehrj\u00e4hrige Berufspraxis in der Arbeit mit Jugendlichen mit einem spezifischen Betreuungsbedarf<\/p>\n<p><span style=\"text-decoration: underline;\">T\u00e4tigkeitsschwerpunkte:<\/span> qualifizierte Hausaufgabenbegleitung, kreative Freizeitgestaltung, altersgerechte F\u00f6rderung sozialer und emotionaler Kompetenzen sowie die begleitende Elternberatung. Im Mittelpunkt steht die Lernbegleitung im Einzelkontext oder in Kleingruppen.<\/p>\n<p><em>Ihr Credo: \u201cLernen ist wie Rudern gegen den Strom. H\u00f6rt man damit auf, treibt man zur\u00fcck. (Laozi)<\/em><\/p>\n<hr \/>\n<p><strong>Carmen Aversa<\/strong><\/p>\n<p><img loading=\"lazy\" decoding=\"async\" class=\"alignnone size-full wp-image-912\" src=\"https:\/\/learnandmore.com\/wp-content\/uploads\/2014\/03\/Carmen.jpg\" alt=\"\" width=\"200\" height=\"300\" \/><\/p>\n<p>P\u00e4dagogikstudium an der Universit\u00e4t &#8222;Scienze dell&#8217;Educazione G. M. Bertin&#8220; in Bologna; mehrere Sprachaufenthalte in London; Berufserfahrung im schulischen Bereich<\/p>\n<p><span style=\"text-decoration: underline;\">T\u00e4tigkeitsschwerpunkte:<\/span> Italienisch und Englisch f\u00fcr alle Schulstufen. Im Mittelpunkt steht der Unterricht und die Hausaufgabenbegleitung der Sch\u00fcler\/-innen, wobei das selbstst\u00e4ndige Arbeiten und Lernen gef\u00f6rdert wird.<\/p>\n<p><em>Ihr Credo: &#8222;Non avrai mai fallito finch\u00e9 continuerai a provare.&#8220; (anonimo)<\/em><\/p>\n<p>&nbsp;<\/p>\n","protected":false},"excerpt":{"rendered":"<p>Petra Baumgart Diplomlehrerin f\u00fcr Mathematik und Physik; langj\u00e4hrige berufliche Erfahrungen in der Schulpraxis und im Schulaufsichtswesen in Deutschland T\u00e4tigkeitsschwerpunkte: Unterrichtsf\u00e4cher Mathematik, Physik sowie Deutsch und Englisch. Im Mittelpunkt steht dabei die Erarbeitung individuell abgestimmter Lerntechniken, die Grundlagenkenntnisse zu festigen und das neue Wissen verarbeiten helfen. Zur Unterst\u00fctzung werden bew\u00e4hrte Materialien von bekannten Schulbuchverlagen sowie die &hellip; <a href=\"https:\/\/learnandmore.com\/de\/das-team\/\" class=\"more-link\"><span class=\"screen-reader-text\">Das Team<\/span> weiterlesen<\/a><\/p>\n","protected":false},"author":2,"featured_media":0,"parent":0,"menu_order":0,"comment_status":"open","ping_status":"open","template":"","meta":{"_acf_changed":false,"footnotes":""},"class_list":["post-234","page","type-page","status-publish","hentry"],"acf":[],"_links":{"self":[{"href":"https:\/\/learnandmore.com\/de\/wp-json\/wp\/v2\/pages\/234","targetHints":{"allow":["GET"]}}],"collection":[{"href":"https:\/\/learnandmore.com\/de\/wp-json\/wp\/v2\/pages"}],"about":[{"href":"https:\/\/learnandmore.com\/de\/wp-json\/wp\/v2\/types\/page"}],"author":[{"embeddable":true,"href":"https:\/\/learnandmore.com\/de\/wp-json\/wp\/v2\/users\/2"}],"replies":[{"embeddable":true,"href":"https:\/\/learnandmore.com\/de\/wp-json\/wp\/v2\/comments?post=234"}],"version-history":[{"count":47,"href":"https:\/\/learnandmore.com\/de\/wp-json\/wp\/v2\/pages\/234\/revisions"}],"predecessor-version":[{"id":1481,"href":"https:\/\/learnandmore.com\/de\/wp-json\/wp\/v2\/pages\/234\/revisions\/1481"}],"wp:attachment":[{"href":"https:\/\/learnandmore.com\/de\/wp-json\/wp\/v2\/media?parent=234"}],"curies":[{"name":"wp","href":"https:\/\/api.w.org\/{rel}","templated":true}]}}