{"id":24,"date":"2013-12-16T16:09:52","date_gmt":"2013-12-16T14:09:52","guid":{"rendered":"http:\/\/learnandmore.com\/?page_id=24"},"modified":"2014-04-24T15:29:28","modified_gmt":"2014-04-24T13:29:28","slug":"unser-motto","status":"publish","type":"page","link":"https:\/\/learnandmore.com\/de\/unser-motto\/","title":{"rendered":"Unser Motto"},"content":{"rendered":"<p><strong>Was Lernen f\u00fcr uns hei\u00dft<\/strong><\/p>\n<p><a href=\"https:\/\/learnandmore.com\/wp-content\/uploads\/2013\/12\/LearnAndMoreMotto.jpg\"><img loading=\"lazy\" decoding=\"async\" class=\"alignnone size-medium wp-image-124\" alt=\"LearnAndMoreMotto\" src=\"https:\/\/learnandmore.com\/wp-content\/uploads\/2013\/12\/LearnAndMoreMotto-300x241.jpg\" width=\"300\" height=\"241\" srcset=\"https:\/\/learnandmore.com\/wp-content\/uploads\/2013\/12\/LearnAndMoreMotto-300x241.jpg 300w, https:\/\/learnandmore.com\/wp-content\/uploads\/2013\/12\/LearnAndMoreMotto.jpg 516w\" sizes=\"auto, (max-width: 300px) 100vw, 300px\" \/><\/a><\/p>\n<p><em>Lernen<\/em> ist mehr als nur eine Anh\u00e4ufung von Faktenwissen.<\/p>\n<p><em>Lernen<\/em> ist ein ganzheitlicher, umfassender und lebenslanger Prozess, der Seele und Geist einschlie\u00dft.<\/p>\n<p><em>Lernen<\/em> ist Neugier am Unbekannten, Lust am Entdecken und Freude \u00fcber die eigene Leistung.<\/p>\n<p><em>Lernen<\/em> ist Respekt vor der eigenen Arbeit und die Entwicklung eines positiven Selbstbildes.<\/p>\n<p><em>Lernen<\/em> braucht Aktivit\u00e4t und selbstt\u00e4tiges Handeln, d.h., Informationen werden besser gespeichert, wenn sie durch aktive Lernprozesse entstehen.<\/p>\n<p><em>Lernen<\/em> braucht positive Emotionen, die das freie und kreative Denken f\u00f6rdern. Angstbesetzter Leistungsdruck f\u00fchrt zwar kurzfristig zu relevanten Ergebnissen, verhindert aber langfristig das Aufrechterhalten einer grundlegenden Freude am Lernen.<\/p>\n<p><em>Lernen<\/em> braucht eine anregende, f\u00f6rdernde Lernorganisation, die einen angemessenen Rahmen f\u00fcr die Erledigung der Hausaufgaben und die Vorbereitung auf Tests, Schularbeiten und Pr\u00fcfungen bietet.<\/p>\n<p><em>Lernen<\/em> vollzieht sich ganzheitlich im Austausch mit anderen und wird erst durch seine Bedeutsamkeit nachhaltig.<\/p>\n","protected":false},"excerpt":{"rendered":"<p>Was Lernen f\u00fcr uns hei\u00dft Lernen ist mehr als nur eine Anh\u00e4ufung von Faktenwissen. Lernen ist ein ganzheitlicher, umfassender und lebenslanger Prozess, der Seele und Geist einschlie\u00dft. Lernen ist Neugier am Unbekannten, Lust am Entdecken und Freude \u00fcber die eigene Leistung. Lernen ist Respekt vor der eigenen Arbeit und die Entwicklung eines positiven Selbstbildes. Lernen &hellip; <a href=\"https:\/\/learnandmore.com\/de\/unser-motto\/\" class=\"more-link\"><span class=\"screen-reader-text\">Unser Motto<\/span> weiterlesen<\/a><\/p>\n","protected":false},"author":2,"featured_media":0,"parent":0,"menu_order":0,"comment_status":"open","ping_status":"open","template":"","meta":{"_acf_changed":false,"footnotes":""},"class_list":["post-24","page","type-page","status-publish","hentry"],"acf":[],"_links":{"self":[{"href":"https:\/\/learnandmore.com\/de\/wp-json\/wp\/v2\/pages\/24","targetHints":{"allow":["GET"]}}],"collection":[{"href":"https:\/\/learnandmore.com\/de\/wp-json\/wp\/v2\/pages"}],"about":[{"href":"https:\/\/learnandmore.com\/de\/wp-json\/wp\/v2\/types\/page"}],"author":[{"embeddable":true,"href":"https:\/\/learnandmore.com\/de\/wp-json\/wp\/v2\/users\/2"}],"replies":[{"embeddable":true,"href":"https:\/\/learnandmore.com\/de\/wp-json\/wp\/v2\/comments?post=24"}],"version-history":[{"count":9,"href":"https:\/\/learnandmore.com\/de\/wp-json\/wp\/v2\/pages\/24\/revisions"}],"predecessor-version":[{"id":479,"href":"https:\/\/learnandmore.com\/de\/wp-json\/wp\/v2\/pages\/24\/revisions\/479"}],"wp:attachment":[{"href":"https:\/\/learnandmore.com\/de\/wp-json\/wp\/v2\/media?parent=24"}],"curies":[{"name":"wp","href":"https:\/\/api.w.org\/{rel}","templated":true}]}}