{"id":62,"date":"2014-01-13T15:59:27","date_gmt":"2014-01-13T13:59:27","guid":{"rendered":"http:\/\/learnandmore.com\/?page_id=62"},"modified":"2014-04-24T15:33:24","modified_gmt":"2014-04-24T13:33:24","slug":"hausaufgabenbegleitung-intensivtraining","status":"publish","type":"page","link":"https:\/\/learnandmore.com\/de\/unsere-angebote\/hausaufgabenbegleitung-intensivtraining\/","title":{"rendered":"Hausaufgabenbegleitung &#038; Intensivtraining"},"content":{"rendered":"<p>Vor der Entscheidung f\u00fcr ein Lernangebot sind alle interessierten Sch\u00fclerinnen und Sch\u00fcler sowie deren Eltern herzlich eingeladen, uns vor Ort zu besuchen und in einem gemeinsamen Gespr\u00e4ch den individuellen Bedarf und die Vorstellungen einer Lernbegleitung zu besprechen. Terminvereinbarungen sind erw\u00fcnscht, damit wir ausreichend Zeit einplanen k\u00f6nnen.<\/p>\n<p>Im Ergebnis entsteht eine Empfehlung f\u00fcr ein geeignetes Programm, welches sich aus den Bausteinen<\/p>\n<p>Hausaufgabenbegleitung in Kleingruppen und\/ oder Intensivtraining zusammensetzt.<\/p>\n<p>In den Kleingruppen lernen durchschnittlich 3 bis 5 Sch\u00fclerinnen und Sch\u00fcler gemeinsam. Je nach Schwerpunkt wird auf eine altersgerechte bzw. fachspezifische Gruppenzusammensetzung geachtet.<\/p>\n<p>Das Intensivtraining ist individuell auf den Bedarf des Sch\u00fclers bzw. der Sch\u00fclerin abgestimmt.<\/p>\n<p>Jede Lerneinheit umfasst 50 Minuten. Die Nutzung der Lernangebote ist zeitlich individuell vereinbar. Regelm\u00e4\u00dfig fixe Termine k\u00f6nnen auf Wunsch reserviert werden.<\/p>\n<p>Es k\u00f6nnen sowohl einzelne Einheiten, als auch Lernpakete (10 Einheiten) gebucht werden. Des Weiteren bieten wir die Buchung eines LernABOs an.<\/p>\n","protected":false},"excerpt":{"rendered":"<p>Vor der Entscheidung f\u00fcr ein Lernangebot sind alle interessierten Sch\u00fclerinnen und Sch\u00fcler sowie deren Eltern herzlich eingeladen, uns vor Ort zu besuchen und in einem gemeinsamen Gespr\u00e4ch den individuellen Bedarf und die Vorstellungen einer Lernbegleitung zu besprechen. Terminvereinbarungen sind erw\u00fcnscht, damit wir ausreichend Zeit einplanen k\u00f6nnen. Im Ergebnis entsteht eine Empfehlung f\u00fcr ein geeignetes Programm, &hellip; <a href=\"https:\/\/learnandmore.com\/de\/unsere-angebote\/hausaufgabenbegleitung-intensivtraining\/\" class=\"more-link\"><span class=\"screen-reader-text\">Hausaufgabenbegleitung &#038; Intensivtraining<\/span> weiterlesen<\/a><\/p>\n","protected":false},"author":2,"featured_media":129,"parent":55,"menu_order":0,"comment_status":"open","ping_status":"open","template":"","meta":{"_acf_changed":false,"footnotes":""},"class_list":["post-62","page","type-page","status-publish","has-post-thumbnail","hentry"],"acf":[],"_links":{"self":[{"href":"https:\/\/learnandmore.com\/de\/wp-json\/wp\/v2\/pages\/62","targetHints":{"allow":["GET"]}}],"collection":[{"href":"https:\/\/learnandmore.com\/de\/wp-json\/wp\/v2\/pages"}],"about":[{"href":"https:\/\/learnandmore.com\/de\/wp-json\/wp\/v2\/types\/page"}],"author":[{"embeddable":true,"href":"https:\/\/learnandmore.com\/de\/wp-json\/wp\/v2\/users\/2"}],"replies":[{"embeddable":true,"href":"https:\/\/learnandmore.com\/de\/wp-json\/wp\/v2\/comments?post=62"}],"version-history":[{"count":11,"href":"https:\/\/learnandmore.com\/de\/wp-json\/wp\/v2\/pages\/62\/revisions"}],"predecessor-version":[{"id":489,"href":"https:\/\/learnandmore.com\/de\/wp-json\/wp\/v2\/pages\/62\/revisions\/489"}],"up":[{"embeddable":true,"href":"https:\/\/learnandmore.com\/de\/wp-json\/wp\/v2\/pages\/55"}],"wp:featuredmedia":[{"embeddable":true,"href":"https:\/\/learnandmore.com\/de\/wp-json\/wp\/v2\/media\/129"}],"wp:attachment":[{"href":"https:\/\/learnandmore.com\/de\/wp-json\/wp\/v2\/media?parent=62"}],"curies":[{"name":"wp","href":"https:\/\/api.w.org\/{rel}","templated":true}]}}