{"id":957,"date":"2018-01-06T10:34:40","date_gmt":"2018-01-06T09:34:40","guid":{"rendered":"http:\/\/learnandmore.com\/?page_id=957"},"modified":"2019-11-12T13:36:27","modified_gmt":"2019-11-12T12:36:27","slug":"impressum","status":"publish","type":"page","link":"https:\/\/learnandmore.com\/de\/impressum\/","title":{"rendered":"Impressum"},"content":{"rendered":"<p><strong>Auftraggeber und zust\u00e4ndig f\u00fcr alle Inhalte<\/strong><\/p>\n<p>Learn &amp; More OHG der Petra Baumgart &amp; Co.<\/p>\n<p>Vertretungsberechtigte: Petra Baumgart, Antje Baumgart<\/p>\n<p>Kapuzinerplatz 9<\/p>\n<p>39031 Bruneck<\/p>\n<p>S\u00fcdtirol &#8211; Italien<\/p>\n<p>MwSt.Nr.: 02805930217<\/p>\n<hr \/>\n<p>Tel.: 0039\/ 0474\/ 830 780<\/p>\n<p>Mail: info@learnandmore.com<\/p>\n<p>Web: www.learnandmore.com<\/p>\n<hr \/>\n<p><strong>Verantwortlicher im Sinne des Presserechts<\/strong><\/p>\n<p>Antje Baumgart<\/p>\n<p>Kapuzinerplatz 9<\/p>\n<p>39031 Bruneck<\/p>\n<hr \/>\n<p><strong>Haftungsausschluss<\/strong><\/p>\n<p>Unser Angebot enth\u00e4lt Links zu externen Webseiten Dritter, auf deren Inhalte wir keinen Einfluss haben. Deshalb k\u00f6nnen wir f\u00fcr diese fremden Inhalte auch keine Gew\u00e4hr \u00fcbernehmen. F\u00fcr die Inhalte der verlinkten Seiten ist stets der jeweilige Anbieter oder Betreiber der Seiten verantwortlich. Die verlinkten Seiten wurden zum Zeitpunkt der Verlinkung auf m\u00f6gliche Rechtsverst\u00f6\u00dfe \u00fcberpr\u00fcft. Rechtswidrige Inhalte waren zum Zeitpunkt der Verlinkung nicht erkennbar.<\/p>\n<p>Eine permanente inhaltliche Kontrolle der verlinkten Seiten ist jedoch ohne konkrete Anhaltspunkte einer Rechtsverletzung nicht zumutbar. Bei Bekanntwerden von Rechtsverletzungen werden wir derartige Links umgehend entfernen.<\/p>\n<p>&nbsp;<\/p>\n","protected":false},"excerpt":{"rendered":"<p>Auftraggeber und zust\u00e4ndig f\u00fcr alle Inhalte Learn &amp; More OHG der Petra Baumgart &amp; Co. Vertretungsberechtigte: Petra Baumgart, Antje Baumgart Kapuzinerplatz 9 39031 Bruneck S\u00fcdtirol &#8211; Italien MwSt.Nr.: 02805930217 Tel.: 0039\/ 0474\/ 830 780 Mail: info@learnandmore.com Web: www.learnandmore.com Verantwortlicher im Sinne des Presserechts Antje Baumgart Kapuzinerplatz 9 39031 Bruneck Haftungsausschluss Unser Angebot enth\u00e4lt Links zu &hellip; <a href=\"https:\/\/learnandmore.com\/de\/impressum\/\" class=\"more-link\"><span class=\"screen-reader-text\">Impressum<\/span> weiterlesen<\/a><\/p>\n","protected":false},"author":2,"featured_media":0,"parent":0,"menu_order":0,"comment_status":"closed","ping_status":"closed","template":"","meta":{"_acf_changed":false,"footnotes":""},"class_list":["post-957","page","type-page","status-publish","hentry"],"acf":[],"_links":{"self":[{"href":"https:\/\/learnandmore.com\/de\/wp-json\/wp\/v2\/pages\/957","targetHints":{"allow":["GET"]}}],"collection":[{"href":"https:\/\/learnandmore.com\/de\/wp-json\/wp\/v2\/pages"}],"about":[{"href":"https:\/\/learnandmore.com\/de\/wp-json\/wp\/v2\/types\/page"}],"author":[{"embeddable":true,"href":"https:\/\/learnandmore.com\/de\/wp-json\/wp\/v2\/users\/2"}],"replies":[{"embeddable":true,"href":"https:\/\/learnandmore.com\/de\/wp-json\/wp\/v2\/comments?post=957"}],"version-history":[{"count":6,"href":"https:\/\/learnandmore.com\/de\/wp-json\/wp\/v2\/pages\/957\/revisions"}],"predecessor-version":[{"id":1306,"href":"https:\/\/learnandmore.com\/de\/wp-json\/wp\/v2\/pages\/957\/revisions\/1306"}],"wp:attachment":[{"href":"https:\/\/learnandmore.com\/de\/wp-json\/wp\/v2\/media?parent=957"}],"curies":[{"name":"wp","href":"https:\/\/api.w.org\/{rel}","templated":true}]}}