{"id":1085,"date":"2018-05-24T12:58:32","date_gmt":"2018-05-24T11:58:32","guid":{"rendered":"http:\/\/learnandmore.com\/?page_id=1085"},"modified":"2019-11-12T15:55:12","modified_gmt":"2019-11-12T14:55:12","slug":"datenschutz","status":"publish","type":"page","link":"https:\/\/learnandmore.com\/it\/datenschutz\/","title":{"rendered":"Informativa sulla privacy"},"content":{"rendered":"<p><strong>Ufficio responsabile<\/strong><\/p>\n<p>L'autorit\u00e0 competente per la raccolta, l'elaborazione e l'utilizzo dei Vostri dati personali ai sensi del regolamento genereale sulla protezione dei dati \u00e8<\/p>\n<p><strong>Studio didattico Learn&amp;More s.n.c. di Petra Baumgart &amp; Co., Piazza Cappuccini 9, 39031 Brunico<\/strong><\/p>\n<p>Se desiderate opporVi alla raccolta, all'elaborazione o all'utilizzo dei Vostri dati da parte dello Studio didattico Learn&amp;More s.n.c. di Petra Baumgart &amp; Co. in conformit\u00e0 con le norme sulla protezione dei dati, nel loro complesso o per misure individuali, Vi preghiamo di inviare la Vostra obiezione per lettera al seguente recapito:<\/p>\n<p><strong>Studio didattico Learn&amp;More s.n.c. di Petra Baumgart &amp; Co., Piazza Cappuccini 9, 39031 Brunico<\/strong><\/p>\n<p>Attribuiamo grande importanza alla protezione dei Vostri dati e alla protezione della Vostra privacy. Di seguito Vi informiamo pertanto in merito alla raccolta e all'utilizzo dei dati personali durante l'utilizzo del nostro sito web.<\/p>\n<p><strong>Raccolta, conservazione e utilizzo dei dati personali<\/strong><\/p>\n<p>Quando visitate il nostro sito web, raccogliamo utilizziamo e memorizziamo i Vostri dati personali. Secondo il regolamento generale sulla protezione dei dati, i dati personali sono informazioni individuali sulle circostanze personali o fattuali diuna persona fisica specifica o identificabile (persona interessata).<\/p>\n<p><strong>Raccolta dei dati nel rigoroso rispetto della legge<\/strong><\/p>\n<p>Per la raccolta, l'utilizzo e la conservazione dei dati personali ci atteniamo alle disposizioni del regolamento generale sulla protezione dei dati e alle altre disposizioni applicabili in materia di protezione dei dati. Tutti i dati dei clienti vengono da noi memorizzati ed elaborati in conformit\u00e0 con le pertinenti disposizioni dell'ordinanza sulla protezione dei dati.<\/p>\n<p><strong>Cookies<\/strong><\/p>\n<p>Il nostro sito web utilizza i cosiddetti cookies in diversi punti. I \"cookies\" sono piccoli file di testo che vengono memorizzati sul Vostro computer dal Vostro browser. Servono a rendere la nostra offerta pi\u00f9 facile da usare, pi\u00f9 efficace e pi\u00f9 sicura. I cookies consentono inoltre ai nostri sistemi di riconoscere il Vostro browser e di offrirVi servizi. I cookies non contengono dati personali. Avete la possibilit\u00e0 di impedire la memorizzazione dei cookies sul vostro computer mediante un'impostazione appropriata nel Vostro browser. Ci\u00f2 potrebbe, tuttavia, limitare la gamma di funzioni della nostra offerta.<\/p>\n<p><strong>Informazioni<\/strong><\/p>\n<p>L'utente ha il diritto di ottenere in qaulsiasi momenti informazioni gratuite sui propri dati memorizzati, nonch\u00e9 il diritto di correzione, cancellazione o blocco. A tale scopo, si prega di contattare l'indirizzo di contatto indicato nell'impressum. Saremo lieti di rispondere in qualsiasi momento a qualsiasi altra domanda relativa alle nostre informazioni sulla protezione dei dati e sul trattamento dei Vostri dati personali.<\/p>","protected":false},"excerpt":{"rendered":"<p>Verantwortliche Stelle Verantwortliche Stelle f\u00fcr die Erhebung, Verarbeitung und Nutzung Ihrer personenbezogenen Daten im Sinne der Datenschutz- Grundverordnung (DSGVO) ist Lernstudio Learn&amp;More OHG der Petra Baumgart &amp; Co., Kapuzinerplatz 9, 39031 Bruneck Sofern Sie der Erhebung, Verarbeitung oder Nutzung Ihrer Daten durch Lernstudio Learn&amp;More OHG der Petra Baumgart &amp; Co. gem\u00e4\u00df den datenschutzrechtlichen Bestimmungen insgesamt &hellip; <a href=\"https:\/\/learnandmore.com\/it\/datenschutz\/\" class=\"more-link\">Continua a leggere <span class=\"screen-reader-text\">Informativa sulla privacy<\/span><\/a><\/p>","protected":false},"author":2,"featured_media":0,"parent":0,"menu_order":0,"comment_status":"closed","ping_status":"closed","template":"","meta":{"_acf_changed":false,"footnotes":""},"class_list":["post-1085","page","type-page","status-publish","hentry"],"acf":[],"_links":{"self":[{"href":"https:\/\/learnandmore.com\/it\/wp-json\/wp\/v2\/pages\/1085","targetHints":{"allow":["GET"]}}],"collection":[{"href":"https:\/\/learnandmore.com\/it\/wp-json\/wp\/v2\/pages"}],"about":[{"href":"https:\/\/learnandmore.com\/it\/wp-json\/wp\/v2\/types\/page"}],"author":[{"embeddable":true,"href":"https:\/\/learnandmore.com\/it\/wp-json\/wp\/v2\/users\/2"}],"replies":[{"embeddable":true,"href":"https:\/\/learnandmore.com\/it\/wp-json\/wp\/v2\/comments?post=1085"}],"version-history":[{"count":7,"href":"https:\/\/learnandmore.com\/it\/wp-json\/wp\/v2\/pages\/1085\/revisions"}],"predecessor-version":[{"id":1309,"href":"https:\/\/learnandmore.com\/it\/wp-json\/wp\/v2\/pages\/1085\/revisions\/1309"}],"wp:attachment":[{"href":"https:\/\/learnandmore.com\/it\/wp-json\/wp\/v2\/media?parent=1085"}],"curies":[{"name":"wp","href":"https:\/\/api.w.org\/{rel}","templated":true}]}}