{"id":1205,"date":"2019-01-20T19:35:13","date_gmt":"2019-01-20T18:35:13","guid":{"rendered":"http:\/\/learnandmore.com\/?page_id=1205"},"modified":"2026-04-08T09:29:07","modified_gmt":"2026-04-08T08:29:07","slug":"aktuelles","status":"publish","type":"page","link":"https:\/\/learnandmore.com\/it\/aktuelles\/","title":{"rendered":"Attualit\u00e0"},"content":{"rendered":"<p>&nbsp;<\/p>\n<p><img loading=\"lazy\" decoding=\"async\" class=\"aligncenter size-medium wp-image-1670\" src=\"https:\/\/learnandmore.com\/wp-content\/uploads\/2025\/11\/Logo-Bank-225x300.jpg\" alt=\"\" width=\"225\" height=\"300\" srcset=\"https:\/\/learnandmore.com\/wp-content\/uploads\/2025\/11\/Logo-Bank-225x300.jpg 225w, https:\/\/learnandmore.com\/wp-content\/uploads\/2025\/11\/Logo-Bank-768x1024.jpg 768w, https:\/\/learnandmore.com\/wp-content\/uploads\/2025\/11\/Logo-Bank-1152x1536.jpg 1152w, https:\/\/learnandmore.com\/wp-content\/uploads\/2025\/11\/Logo-Bank-9x12.jpg 9w, https:\/\/learnandmore.com\/wp-content\/uploads\/2025\/11\/Logo-Bank.jpg 1536w\" sizes=\"auto, (max-width: 225px) 100vw, 225px\" \/><\/p>\n<p><img loading=\"lazy\" decoding=\"async\" class=\"aligncenter size-medium wp-image-1671\" src=\"https:\/\/learnandmore.com\/wp-content\/uploads\/2025\/11\/WhatsApp-Bild-2025-11-20-um-13.39.13_77082aa7-300x225.jpg\" alt=\"\" width=\"300\" height=\"225\" srcset=\"https:\/\/learnandmore.com\/wp-content\/uploads\/2025\/11\/WhatsApp-Bild-2025-11-20-um-13.39.13_77082aa7-300x225.jpg 300w, https:\/\/learnandmore.com\/wp-content\/uploads\/2025\/11\/WhatsApp-Bild-2025-11-20-um-13.39.13_77082aa7-1024x768.jpg 1024w, https:\/\/learnandmore.com\/wp-content\/uploads\/2025\/11\/WhatsApp-Bild-2025-11-20-um-13.39.13_77082aa7-1536x1152.jpg 1536w, https:\/\/learnandmore.com\/wp-content\/uploads\/2025\/11\/WhatsApp-Bild-2025-11-20-um-13.39.13_77082aa7-16x12.jpg 16w, https:\/\/learnandmore.com\/wp-content\/uploads\/2025\/11\/WhatsApp-Bild-2025-11-20-um-13.39.13_77082aa7.jpg 1600w\" sizes=\"auto, (max-width: 300px) 100vw, 300px\" \/>Wir freuen uns, den Versch\u00f6nerungsverein St. Georgen mit der Spende einer neuen Sitzbank am Flatschwaldile zu unterst\u00fctzen. Wir hoffen, dass die neue Bank vielen Menschen Freude bereitet und zur weiteren Aufwertung des sch\u00f6nen Ortsbildes von St. Georgen beitr\u00e4gt.<\/p>\n<hr \/>\n<h3><img loading=\"lazy\" decoding=\"async\" class=\"aligncenter size-medium wp-image-1663\" src=\"https:\/\/learnandmore.com\/wp-content\/uploads\/2025\/09\/LearnMore_HCP-300x300.jpg\" alt=\"\" width=\"300\" height=\"300\" srcset=\"https:\/\/learnandmore.com\/wp-content\/uploads\/2025\/09\/LearnMore_HCP-300x300.jpg 300w, https:\/\/learnandmore.com\/wp-content\/uploads\/2025\/09\/LearnMore_HCP-1024x1024.jpg 1024w, https:\/\/learnandmore.com\/wp-content\/uploads\/2025\/09\/LearnMore_HCP-150x150.jpg 150w, https:\/\/learnandmore.com\/wp-content\/uploads\/2025\/09\/LearnMore_HCP-12x12.jpg 12w, https:\/\/learnandmore.com\/wp-content\/uploads\/2025\/09\/LearnMore_HCP.jpg 1248w\" sizes=\"auto, (max-width: 300px) 100vw, 300px\" \/><\/h3>\n<p>Erste Deutsch-Stunde f\u00fcr Head Coach Jason Jaspers, Assistant Kohl Schultz sowie die beiden Spieler Austin Rueschhoff (mit Gattin) und Jon Blum.<\/p>\n<p>Wir bringen den Cracks ab sofort w\u00f6chentlich die deutsche Sprache n\u00e4her &#8211; n\u00e4chste Woche gesellen sich dann noch weitere Spieler dazu!<\/p>\n<h3><img loading=\"lazy\" decoding=\"async\" class=\"aligncenter wp-image-1664 size-medium\" src=\"https:\/\/learnandmore.com\/wp-content\/uploads\/2025\/09\/WhatsApp-Bild-2025-09-23-um-16.50.01_a80d97d3-300x225.jpg\" alt=\"\" width=\"300\" height=\"225\" srcset=\"https:\/\/learnandmore.com\/wp-content\/uploads\/2025\/09\/WhatsApp-Bild-2025-09-23-um-16.50.01_a80d97d3-300x225.jpg 300w, https:\/\/learnandmore.com\/wp-content\/uploads\/2025\/09\/WhatsApp-Bild-2025-09-23-um-16.50.01_a80d97d3-1024x768.jpg 1024w, https:\/\/learnandmore.com\/wp-content\/uploads\/2025\/09\/WhatsApp-Bild-2025-09-23-um-16.50.01_a80d97d3-1536x1152.jpg 1536w, https:\/\/learnandmore.com\/wp-content\/uploads\/2025\/09\/WhatsApp-Bild-2025-09-23-um-16.50.01_a80d97d3-16x12.jpg 16w, https:\/\/learnandmore.com\/wp-content\/uploads\/2025\/09\/WhatsApp-Bild-2025-09-23-um-16.50.01_a80d97d3.jpg 2048w\" sizes=\"auto, (max-width: 300px) 100vw, 300px\" \/><\/h3>\n<hr \/>\n<h3>Benvenuti al nuovo anno scolastico 2025\/26!<\/h3>\n<p>Un nuovo inizio, nuove opportunit\u00e0 e tante avventure di apprendimento ti aspettano \u2013 e noi siamo proprio l\u00ec insieme a te!<\/p>\n<p>Che si tratti di compiti di matematica, di vocaboli di inglese o della prossima serie di esperimenti di chimica: nel nostro studio di Brunico troverai un supporto didattico su misura, che ti sosterr\u00e0 esattamente l\u00ec dove ne hai pi\u00f9 bisogno.<\/p>\n<p>Perch\u00e9 Learn &amp; More?<br \/>\n\u2022 Personale qualificato ti segue in modo personale e individuale.<br \/>\n\u2022 Apprendimento flessibile in base alle tue esigenze utilizzando il materiale scolastico, anche su PC, tablet o smartphone.<br \/>\n\u2022 Controllo dei risultati con test e valutazioni dei tuoi progressi<\/p>\n<p>Inizia ora con noi il tuo anno scolastico di maggior successo! Vieni a trovarci, scopri le nostre offerte e porta i tuoi voti al livello successivo!<\/p>\n<p>Ti aspettiamo: insieme possiamo ottenere di pi\u00f9!<\/p>\n<p>Il tuo team di Learn &amp; More di Brunico<\/p>\n<hr \/>\n<p><img loading=\"lazy\" decoding=\"async\" class=\"aligncenter wp-image-1651 size-full\" src=\"https:\/\/learnandmore.com\/wp-content\/uploads\/2025\/07\/Screenshot-2025-07-15-094754.png\" alt=\"\" width=\"1026\" height=\"1070\" srcset=\"https:\/\/learnandmore.com\/wp-content\/uploads\/2025\/07\/Screenshot-2025-07-15-094754.png 1026w, https:\/\/learnandmore.com\/wp-content\/uploads\/2025\/07\/Screenshot-2025-07-15-094754-288x300.png 288w, https:\/\/learnandmore.com\/wp-content\/uploads\/2025\/07\/Screenshot-2025-07-15-094754-982x1024.png 982w, https:\/\/learnandmore.com\/wp-content\/uploads\/2025\/07\/Screenshot-2025-07-15-094754-12x12.png 12w\" sizes=\"auto, (max-width: 1026px) 100vw, 1026px\" \/><\/p>","protected":false},"excerpt":{"rendered":"<p>&nbsp; Wir freuen uns, den Versch\u00f6nerungsverein St. Georgen mit der Spende einer neuen Sitzbank am Flatschwaldile zu unterst\u00fctzen. Wir hoffen, dass die neue Bank vielen Menschen Freude bereitet und zur weiteren Aufwertung des sch\u00f6nen Ortsbildes von St. Georgen beitr\u00e4gt. Erste Deutsch-Stunde f\u00fcr Head Coach Jason Jaspers, Assistant Kohl Schultz sowie die beiden Spieler Austin Rueschhoff &hellip; <a href=\"https:\/\/learnandmore.com\/it\/aktuelles\/\" class=\"more-link\">Continua a leggere <span class=\"screen-reader-text\">Attualit\u00e0<\/span><\/a><\/p>","protected":false},"author":2,"featured_media":0,"parent":0,"menu_order":0,"comment_status":"closed","ping_status":"closed","template":"","meta":{"_acf_changed":false,"footnotes":""},"class_list":["post-1205","page","type-page","status-publish","hentry"],"acf":[],"_links":{"self":[{"href":"https:\/\/learnandmore.com\/it\/wp-json\/wp\/v2\/pages\/1205","targetHints":{"allow":["GET"]}}],"collection":[{"href":"https:\/\/learnandmore.com\/it\/wp-json\/wp\/v2\/pages"}],"about":[{"href":"https:\/\/learnandmore.com\/it\/wp-json\/wp\/v2\/types\/page"}],"author":[{"embeddable":true,"href":"https:\/\/learnandmore.com\/it\/wp-json\/wp\/v2\/users\/2"}],"replies":[{"embeddable":true,"href":"https:\/\/learnandmore.com\/it\/wp-json\/wp\/v2\/comments?post=1205"}],"version-history":[{"count":88,"href":"https:\/\/learnandmore.com\/it\/wp-json\/wp\/v2\/pages\/1205\/revisions"}],"predecessor-version":[{"id":1688,"href":"https:\/\/learnandmore.com\/it\/wp-json\/wp\/v2\/pages\/1205\/revisions\/1688"}],"wp:attachment":[{"href":"https:\/\/learnandmore.com\/it\/wp-json\/wp\/v2\/media?parent=1205"}],"curies":[{"name":"wp","href":"https:\/\/api.w.org\/{rel}","templated":true}]}}