{"id":1558,"date":"2024-05-22T09:11:48","date_gmt":"2024-05-22T08:11:48","guid":{"rendered":"https:\/\/learnandmore.com\/?page_id=1558"},"modified":"2024-05-24T12:31:55","modified_gmt":"2024-05-24T11:31:55","slug":"wissenswertes","status":"publish","type":"page","link":"https:\/\/learnandmore.com\/it\/wissenswertes\/","title":{"rendered":"Da sapere"},"content":{"rendered":"<h3><strong>(Niente) stress da esame...<\/strong><\/h3>\n<p>Gli esami sono un elemento ricorrente della scuola e della formazione e spesso possono causare stress e ansia. Con una preparazione intelligente, \u00e8 possibile non solo migliorare il proprio rendimento, ma anche ridurre significativamente lo stress.<\/p>\n<ol>\n<li><strong> Inizia per tempo e studia e ripeti continuamente!<\/strong><\/li>\n<\/ol>\n<p>Uno dei modi migliori per prepararsi agli esami \u00e8 di iniziare a studiare per tempo e con continuit\u00e0. Invece di rimandare lo studio all'ultimo minuto, prendetevi del tempo per rivedere regolarmente i contenuti. A questo scopo pu\u00f2 essere utile un piano di studio, con il quale dividere i contenuti in piccole unit\u00e0 gestibili e organizzare i tempi di studio giornalieri. Anche la ripetizione regolare di quanto appreso \u00e8 importante per radicare le conoscenze nella memoria a lungo termine.<\/p>\n<ol start=\"2\">\n<li><strong> Impara e studia attivamente!<\/strong><\/li>\n<\/ol>\n<p>L'apprendimento attivo \u00e8 sempre meglio della lettura passiva. Potete porvi domande sui contenuti e cercare di rispondere, scrivere riassunti o visualizzare l'argomento in mappe concettuali, tabelle o diagrammi. Questi metodi consentono di impegnarsi attivamente con i contenuti e di interiorizzare gli elementi essenziali e i collegamenti.<\/p>\n<ol start=\"3\">\n<li><strong> Utilizza il tempo in modo efficace!<\/strong><\/li>\n<\/ol>\n<p>\u00c8 importante stabilire delle priorit\u00e0 e concentrarsi prima sugli argomenti pi\u00f9 importanti. L'apprendimento prevede anche delle pause per rilassare il cervello e ricaricare le batterie. \u00c8 particolarmente importante evitare le distrazioni: l'ambiente di apprendimento deve essere silenzioso, il cellulare deve essere lontano dalla vista e silenzioso.<\/p>\n<ol start=\"4\">\n<li><strong> Utilizza diverse risorse di apprendimento!<\/strong><\/li>\n<\/ol>\n<p>Naturalmente, gli appunti e i libri di testo sono le fonti principali per l'apprendimento. Ma anche molte piattaforme di apprendimento online possono fornire un supporto e sono anche divertenti. Non vanno dimenticati i video didattici, che trasmettono informazioni preziose con parole e immagini. Ci sono state anche esperienze particolarmente positive di discussione del materiale didattico con i compagni di classe.<\/p>\n<ol start=\"5\">\n<li><strong> Utilizza le simulazioni d'esame!<\/strong><\/li>\n<\/ol>\n<p>Gli esami o le prove scritte degli anni precedenti aiutano a farsi un'idea oltre ai requisiti anche del tempo necessario per riuscire a rispondere alle domande. Questo vi d\u00e0 anche l'opportunit\u00e0 di sviluppare una strategia personale per affrontare esami imminenti.<\/p>\n<ol start=\"6\">\n<li><strong> State attenti a condurre uno stile di vita sano!<\/strong><\/li>\n<\/ol>\n<p>Uno stile di vita sano \u00e8 alla base di prestazioni ottimali, quindi assicuratevi di dormire a sufficienza e di seguire una dieta sana. L'esercizio fisico aiuta a ridurre lo stress e favorisce la concentrazione.<\/p>\n<p><strong>Conclusione<\/strong><\/p>\n<p>Una preparazione intelligente agli esami implica pianificazione, disciplina e strategie di apprendimento efficaci. Un inizio tempestivo, un apprendimento attivo, una buona gestione del tempo e un'attenta gestione della propria salute riducono lo stress da esame e aumentano le possibilit\u00e0 di ottenere buoni risultati.<\/p>\n<p><strong>Buona fortuna per gli esami!<\/strong><\/p>\n<hr \/>\n<p><strong>\u201cSuperare l'ansia per la matematica: suggerimenti per avere pi\u00f9 fiducia in s\u00e9 stessi e per avere successo\u201d<\/strong><\/p>\n<p>La matematica \u00e8 una materia che per molti studenti \u00e8 sinonimo di ansia. Le formule complesse, i concetti astratti e le equazioni apparentemente infinite possono diventare rapidamente una sfida, causando ansia e incertezza. Ma ci sono modi per superare queste paure e avviarsi verso una maggiore sicurezza e successo in matematica.<\/p>\n<ol>\n<li><em><strong>Comprendere invece di memorizzare:<\/strong> <\/em>invece di imparare formule e regole a memoria, \u00e8 fondamentale comprendere realmente i concetti sottostanti. Ci\u00f2 consente di risolvere i problemi in modo pi\u00f9 flessibile e di avere maggiore fiducia nelle proprie capacit\u00e0.<\/li>\n<li><em><strong>Procedere a piccoli passi:<\/strong> <\/em>il percorso per superare l'ansia da matematica \u00e8 spesso pi\u00f9 facile se si fissano obiettivi chiari e si compiono piccoli passi. Invece di lasciarsi sopraffare da grandi compiti, \u00e8 bene suddividerli in parti pi\u00f9 piccole e fattibili.<\/li>\n<li><em><strong>La pratica rende perfetti:<\/strong><\/em> la matematica migliora con l'esercizio. Risolvere regolarmente dei problemi, che siano tratti dal materiale didattico o da quaderni aggiuntivi, non solo rafforza le competenze, ma anche la fiducia in s\u00e9 stessi.<\/li>\n<li><em><strong>Imparare e studiare insieme:<\/strong><\/em> la sensazione di essere soli con le proprie difficolt\u00e0 in matematica pu\u00f2 essere stressante. La formazione di un gruppo di apprendimento in cui ci si sostiene a vicenda e si chiariscono le domande di comprensione pu\u00f2 creare un'atmosfera positiva.<\/li>\n<li><em><strong>Chiedere aiuto all'insegnante:<\/strong><\/em> gli insegnanti sono qui per aiutare. Se non capite un argomento, non abbiate paura di chiedere ulteriori spiegazioni. Anche piccoli chiarimenti possono spesso aprire la strada a una migliore comprensione.<\/li>\n<\/ol>\n<p>La matematica non deve essere una materia che spaventa. Con il giusto approccio, un atteggiamento positivo e una pratica continua, \u00e8 possibile rafforzare le proprie competenze matematiche e aumentare la propria sicurezza. Ci vogliono tempo e impegno, ma la ricompensa in termini di successo e di superamento delle proprie paure ne vale sicuramente la pena.<\/p>\n<p>Presso il nostro studio didattico a Brunico troverete molte opportunit\u00e0 per migliorare la vostra comprensione della matematica. Vi spieghiamo le relazioni matematiche, organizziamo programmi di formazione e impariamo e studiamo insieme, passo dopo passo, a superare le vostre difficolt\u00e0.<\/p>\n<p>Passate a trovarci e approfittate delle nostre offerte.<\/p>\n<hr \/>\n<p><strong>Comprendere e superare le difficolt\u00e0 di apprendimento<\/strong><\/p>\n<p>L'apprendimento \u00e8 un processo che dura tutta la vita e che ci mette costantemente alla prova e ci incoraggia allo stesso tempo. Le difficolt\u00e0 di apprendimento possono avere varie cause, tra cui gli stili di apprendimento individuali, i deficit di attenzione, i disturbi cognitivi o i fattori ambientali. \u00c8 importante riconoscere che ogni persona ha un profilo di apprendimento unico e il sostegno deve essere adattato di conseguenza. La consulenza sull'apprendimento pu\u00f2 essere un primo passo fondamentale per identificare le cause delle difficolt\u00e0 di apprendimento e le esigenze e le sfide individuali del processo di apprendimento.<\/p>\n<p>Il nostro supporto all'apprendimento nello studio si spinge oltre, offrendo un'assistenza continua durante il processo di apprendimento. L'obiettivo \u00e8 lavorare a stretto contatto con gli studenti per sviluppare e applicare strategie di apprendimento efficaci. Ci\u00f2 pu\u00f2 includere, ad esempio, l'organizzazione del materiale didattico, la strutturazione dei compiti e la promozione dell'autoregolazione. Il nostro supporto all'apprendimento non solo promuove la comprensione dei contenuti, ma aumenta anche la fiducia in s\u00e9 stessi degli studenti. Una parte importante di questo \u00e8 anche il tutoraggio nelle materie pertinenti, che consente di colmare le lacune e di (ri)rafforzare la fiducia in s\u00e9 stessi.<\/p>\n<p>Per noi le difficolt\u00e0 di apprendimento non sono ostacoli insormontabili, ma sfide che possono essere superate con gli strumenti giusti e un supporto continuo. Una combinazione sensata di consulenza, supporto all'apprendimento e tutoraggio crea una strategia completa per identificare e indirizzare le esigenze di apprendimento individuali. In definitiva, questo non solo aiuta a migliorare il rendimento scolastico, ma promuove anche lo sviluppo personale e l'apprendimento permanente.<\/p>\n<p>Siamo qui per voi!<\/p>\n<hr \/>\n<p><strong>Nessuno \u00e8 perfetto<\/strong><\/p>\n<p>Di tanto in tanto, sui social media, circola una lettera di un preside (sconosciuto) ai genitori.<\/p>\n<p><em>\u201cCari genitori, ... ricordate che tra gli studenti che faranno l'esame ci sar\u00e0 un artista che non ha bisogno di capire la matematica. Ci sar\u00e0 anche un imprenditore a cui non interessa la storia della letteratura inglese. Ci sar\u00e0 anche un musicista il cui voto in chimica non \u00e8 importante. Se vostro figlio prende buoni voti, \u00e8 fantastico. E se non li prende, non privatelo della fiducia in s\u00e9 stesso e della sua dignit\u00e0. Dite a vostro figlio che va bene... Dite a vostro figlio che gli volete bene e che non lo giudicherete a prescindere dai voti che prender\u00e0. Vedrete come vostro figlio conquister\u00e0 il mondo...\u201d<\/em><\/p>\n<p>Quello che scrive questo direttore scolastico riflette il pensiero di molti genitori. Ma oggi pi\u00f9 che mai, durante i colloqui a scuola, i genitori hanno la sensazione che il principio di prestazione della societ\u00e0 stia mettendo sotto pressione i bambini e quindi anche le famiglie. \u00c8 proprio qui che interviene la lettera che vuole dirci che ogni bambino ha dei talenti che vanno riconosciuti e coltivati per gettare le basi del suo futuro.<\/p>\n<p>A nostro avviso, criticare l'attuale sistema scolastico e il sistema di classificazione non aiuta nessuno e, a nostro avviso, non risolve la questione. I voti e i risultati degli esami non definiscono il bambino. Il piacere dell'apprendimento, la messa alla prova dei propri limiti, l'acquisizione di esperienze - anche quelle negative - sono modi possibili per trovare s\u00e9 stessi e determinare il proprio posto nella comunit\u00e0.<\/p>\n<p>Siamo lieti di sostenerlo con il nostro supporto all'apprendimento a lungo termine. Nel nostro studio didattico offriamo un'atmosfera di fiducia in cui, oltre a completare i compiti, si pu\u00f2 trovare il tempo per fermarsi a riflettere sui propri punti di forza e di debolezza. Qui potrete ricaricare le batterie, acquisire fiducia per affrontare nuove sfide e sperimentare la gioia di imparare. Non ci limitiamo a poche sessioni di tutoraggio, che possono promettere un rapido successo ma non danno un contributo prezioso allo sviluppo delle giovani personalit\u00e0 a lungo termine.<\/p>\n<p>Se abbiamo suscitato la vostra curiosit\u00e0, passate a trovarci senza impegno! Non \u00e8 necessario fissare un appuntamento. Siamo aperti dal luned\u00ec al venerd\u00ec dalle 13.00 alle 18.00 durante il periodo scolastico e siamo disponibili anche durante le vacanze.<\/p>","protected":false},"excerpt":{"rendered":"<p>(Kein) Pr\u00fcfungsstress\u2026 Pr\u00fcfungen sind ein regelm\u00e4\u00dfiger Bestandteil in der Schule und der Ausbildung und k\u00f6nnen oft Stress und Angst ausl\u00f6sen. Mit einer cleveren Vorbereitung kann man nicht nur seine Leistung verbessern, sondern auch den Stress erheblich reduzieren. Beginne rechtzeitig und lerne kontinuierlich! Eine der besten Methoden, um sich auf Pr\u00fcfungen vorzubereiten, ist das fr\u00fchzeitige und &hellip; <a href=\"https:\/\/learnandmore.com\/it\/wissenswertes\/\" class=\"more-link\">Continua a leggere <span class=\"screen-reader-text\">Da sapere<\/span><\/a><\/p>","protected":false},"author":2,"featured_media":0,"parent":0,"menu_order":0,"comment_status":"closed","ping_status":"closed","template":"","meta":{"_acf_changed":false,"footnotes":""},"class_list":["post-1558","page","type-page","status-publish","hentry"],"acf":[],"_links":{"self":[{"href":"https:\/\/learnandmore.com\/it\/wp-json\/wp\/v2\/pages\/1558","targetHints":{"allow":["GET"]}}],"collection":[{"href":"https:\/\/learnandmore.com\/it\/wp-json\/wp\/v2\/pages"}],"about":[{"href":"https:\/\/learnandmore.com\/it\/wp-json\/wp\/v2\/types\/page"}],"author":[{"embeddable":true,"href":"https:\/\/learnandmore.com\/it\/wp-json\/wp\/v2\/users\/2"}],"replies":[{"embeddable":true,"href":"https:\/\/learnandmore.com\/it\/wp-json\/wp\/v2\/comments?post=1558"}],"version-history":[{"count":4,"href":"https:\/\/learnandmore.com\/it\/wp-json\/wp\/v2\/pages\/1558\/revisions"}],"predecessor-version":[{"id":1572,"href":"https:\/\/learnandmore.com\/it\/wp-json\/wp\/v2\/pages\/1558\/revisions\/1572"}],"wp:attachment":[{"href":"https:\/\/learnandmore.com\/it\/wp-json\/wp\/v2\/media?parent=1558"}],"curies":[{"name":"wp","href":"https:\/\/api.w.org\/{rel}","templated":true}]}}