{"id":2,"date":"2013-12-10T15:55:48","date_gmt":"2013-12-10T15:55:48","guid":{"rendered":"http:\/\/ebooktim.es\/learnandmore\/?page_id=2"},"modified":"2014-09-12T16:24:35","modified_gmt":"2014-09-12T14:24:35","slug":"ueber-uns","status":"publish","type":"page","link":"https:\/\/learnandmore.com\/it\/ueber-uns\/","title":{"rendered":"Su di noi"},"content":{"rendered":"<p><a href=\"https:\/\/learnandmore.com\/wp-content\/uploads\/2013\/12\/LearnAndMorePetra.jpg\"><img loading=\"lazy\" decoding=\"async\" class=\"alignnone size-medium wp-image-119\" alt=\"LearnAndMorePetra\" src=\"https:\/\/learnandmore.com\/wp-content\/uploads\/2013\/12\/LearnAndMorePetra-269x300.jpg\" width=\"269\" height=\"300\" srcset=\"https:\/\/learnandmore.com\/wp-content\/uploads\/2013\/12\/LearnAndMorePetra-269x300.jpg 269w, https:\/\/learnandmore.com\/wp-content\/uploads\/2013\/12\/LearnAndMorePetra-920x1024.jpg 920w, https:\/\/learnandmore.com\/wp-content\/uploads\/2013\/12\/LearnAndMorePetra-624x694.jpg 624w, https:\/\/learnandmore.com\/wp-content\/uploads\/2013\/12\/LearnAndMorePetra.jpg 940w\" sizes=\"auto, (max-width: 269px) 100vw, 269px\" \/><\/a><\/p>\n<p><strong>Petra Baumgart<\/strong><\/p>\n<p>Diplomlehrerin f\u00fcr Mathematik und Physik; langj\u00e4hrige berufliche Erfahrungen in der Schulpraxis und im Schulaufsichtswesen in Deutschland.<\/p>\n<p>T\u00e4tigkeitsschwerpunkte: Unterrichtsf\u00e4cher Mathematik, Physik sowie Deutsch und Englisch. Im Mittelpunkt steht dabei die Erarbeitung individuell abgestimmter Lerntechniken, die Grundlagenkenntnisse zu festigen und das neue Wissen verarbeiten helfen. Zur Unterst\u00fctzung werden bew\u00e4hrte Materialien von bekannten Schulbuchverlagen sowie die modernen Medien eingesetzt. Die Lernbegleitung erfolgt in Kleingruppen oder im Einzelkontext.<\/p>\n<p><em>Il suo credo: \"Qualcuno ti pu\u00f2 aprira la porta, ma devi attraversarla tu stesso.\" (Confucio)<\/em><\/p>\n<p><a href=\"https:\/\/learnandmore.com\/wp-content\/uploads\/2013\/12\/Antje.jpg\"><img loading=\"lazy\" decoding=\"async\" class=\"alignnone size-medium wp-image-329\" alt=\"Antje\" src=\"https:\/\/learnandmore.com\/wp-content\/uploads\/2013\/12\/Antje-251x300.jpg\" width=\"251\" height=\"300\" srcset=\"https:\/\/learnandmore.com\/wp-content\/uploads\/2013\/12\/Antje-251x300.jpg 251w, https:\/\/learnandmore.com\/wp-content\/uploads\/2013\/12\/Antje.jpg 400w\" sizes=\"auto, (max-width: 251px) 100vw, 251px\" \/><\/a><\/p>\n<p><strong>Antje Baumgart<\/strong><\/p>\n<p>Diplomsozialp\u00e4dagogin; mehrj\u00e4hrige Berufspraxis in der Arbeit mit Jugendlichen mit einem spezifischen Betreuungsbedarf.<\/p>\n<p>T\u00e4tigkeitsschwerpunkte: qualifizierte Hausaufgabenbegleitung, kreative Freizeitgestaltung, altersgerechte F\u00f6rderung sozialer und emotionaler Kompetenzen sowie die begleitende Elternberatung. Im Mittelpunkt steht die Lernbegleitung in Kleingruppen.<\/p>\n<p><em>Il suo credo: \"Imparare \u00e8 come remare controcorrente. Se ti fermi, torni indietro.\" (Laozi)<\/em><\/p>\n<p><strong style=\"line-height: 1.714285714; font-size: 1rem;\">Referenten<\/strong><\/p>\n<p><span style=\"font-size: 1rem;\">Roberto Bertolani (Italienisch)<\/span><\/p>\n<p><span style=\"font-size: 1rem;\">Heidi Mairhofer (Englisch)<\/span><\/p>\n<p><span style=\"font-size: 1rem;\">Francesca Amodio (Latein, Franz\u00f6sisch, Italienisch)<\/span><\/p>\n<p><span style=\"font-size: 1rem;\">Annamaria Zingerle (Grundschulp\u00e4dagogik)<\/span><\/p>","protected":false},"excerpt":{"rendered":"<p>Petra Baumgart Diplomlehrerin f\u00fcr Mathematik und Physik; langj\u00e4hrige berufliche Erfahrungen in der Schulpraxis und im Schulaufsichtswesen in Deutschland. T\u00e4tigkeitsschwerpunkte: Unterrichtsf\u00e4cher Mathematik, Physik sowie Deutsch und Englisch. Im Mittelpunkt steht dabei die Erarbeitung individuell abgestimmter Lerntechniken, die Grundlagenkenntnisse zu festigen und das neue Wissen verarbeiten helfen. Zur Unterst\u00fctzung werden bew\u00e4hrte Materialien von bekannten Schulbuchverlagen sowie die &hellip; <a href=\"https:\/\/learnandmore.com\/it\/ueber-uns\/\" class=\"more-link\">Continua a leggere <span class=\"screen-reader-text\">Su di noi<\/span><\/a><\/p>","protected":false},"author":2,"featured_media":0,"parent":0,"menu_order":0,"comment_status":"open","ping_status":"open","template":"","meta":{"_acf_changed":false,"footnotes":""},"class_list":["post-2","page","type-page","status-publish","hentry"],"acf":[],"_links":{"self":[{"href":"https:\/\/learnandmore.com\/it\/wp-json\/wp\/v2\/pages\/2","targetHints":{"allow":["GET"]}}],"collection":[{"href":"https:\/\/learnandmore.com\/it\/wp-json\/wp\/v2\/pages"}],"about":[{"href":"https:\/\/learnandmore.com\/it\/wp-json\/wp\/v2\/types\/page"}],"author":[{"embeddable":true,"href":"https:\/\/learnandmore.com\/it\/wp-json\/wp\/v2\/users\/2"}],"replies":[{"embeddable":true,"href":"https:\/\/learnandmore.com\/it\/wp-json\/wp\/v2\/comments?post=2"}],"version-history":[{"count":14,"href":"https:\/\/learnandmore.com\/it\/wp-json\/wp\/v2\/pages\/2\/revisions"}],"predecessor-version":[{"id":116,"href":"https:\/\/learnandmore.com\/it\/wp-json\/wp\/v2\/pages\/2\/revisions\/116"}],"wp:attachment":[{"href":"https:\/\/learnandmore.com\/it\/wp-json\/wp\/v2\/media?parent=2"}],"curies":[{"name":"wp","href":"https:\/\/api.w.org\/{rel}","templated":true}]}}