{"id":22,"date":"2013-12-16T16:07:34","date_gmt":"2013-12-16T14:07:34","guid":{"rendered":"http:\/\/learnandmore.com\/?page_id=22"},"modified":"2025-12-29T08:57:19","modified_gmt":"2025-12-29T07:57:19","slug":"unsere_angebote","status":"publish","type":"page","link":"https:\/\/learnandmore.com\/it\/unsere_angebote\/","title":{"rendered":"Le nostre offerte"},"content":{"rendered":"<p>Il sostegno all'apprendimento ha successo quando promoviamo i punti di forza del bambino\/ dello studente in un'atmosfera di fiducia e lavoriamo insieme a lui sulle sue debolezze. Questo pu\u00f2 essere fatto in gruppo o individualmente. \u00c8 possibile scegliere tra le seguenti offerte:<\/p>\n<p><strong>Sostegno all'apprendimento in gruppo<\/strong><\/p>\n<ul>\n<li>L'abbonamento illimitato nel tempo\/ \u20ac 150,00 mensili<\/li>\n<li>Tessera da 10 unit\u00e0 da 50 minuti\/ \u20ac 300,00 (1 lezione\/ \u20ac 35,00)<\/li>\n<\/ul>\n<p><strong>Sostegno all'apprendimento individuale<\/strong><\/p>\n<ul>\n<li>Tessera da 10 unit\u00e0 da 50 minuti\/ \u20ac 400,00 (1 lezione\/ \u20ac 45,00)<\/li>\n<\/ul>\n<p><strong>Corsi di lingua<\/strong><\/p>\n<ul>\n<li>da 14,80\u20ac per unit\u00e0 (per 100 unit\u00e0)<\/li>\n<\/ul>\n<p><strong>Coaching accademico<\/strong><\/p>\n<ul>\n<li>Prezzi su richiesta<\/li>\n<\/ul>\n<hr \/>\n<p><a href=\"https:\/\/learnandmore.com\/wp-content\/uploads\/2020\/02\/FamilyEuregio_zwei-Rauten-Logo-f\u00fcr-die-Homepage.jpg\"><img loading=\"lazy\" decoding=\"async\" class=\"aligncenter size-medium wp-image-1351\" src=\"https:\/\/learnandmore.com\/wp-content\/uploads\/2020\/02\/FamilyEuregio_zwei-Rauten-Logo-f\u00fcr-die-Homepage-300x176.jpg\" alt=\"\" width=\"300\" height=\"176\" srcset=\"https:\/\/learnandmore.com\/wp-content\/uploads\/2020\/02\/FamilyEuregio_zwei-Rauten-Logo-f\u00fcr-die-Homepage-300x176.jpg 300w, https:\/\/learnandmore.com\/wp-content\/uploads\/2020\/02\/FamilyEuregio_zwei-Rauten-Logo-f\u00fcr-die-Homepage.jpg 652w\" sizes=\"auto, (max-width: 300px) 100vw, 300px\" \/><\/a><\/p>\n<p>Otterrete uno sconto del 10% sull'utilizzo dell'abbonamento per il secondo e per ogni ulteriore figlio.<\/p>","protected":false},"excerpt":{"rendered":"<p>Lernbegleitung ist dann erfolgreich, wenn wir in einer vertrauensvollen Atmosph\u00e4re die St\u00e4rken des Kindes f\u00f6rdern und gemeinsam mit ihm an den Schw\u00e4chen arbeiten. Dies kann in der Gruppe oder einzeln erfolgen. Sie k\u00f6nnen unter folgenden Angeboten w\u00e4hlen: Lernbegleitung in der Gruppe LernABO ohne zeitliche Begrenzung\/ 150,00\u20ac monatlich Lernkarte \u00fcber 10 Einheiten \u00e0 50 Minuten\/ 300,00\u20ac &hellip; <a href=\"https:\/\/learnandmore.com\/it\/unsere_angebote\/\" class=\"more-link\">Continua a leggere <span class=\"screen-reader-text\">Le nostre offerte<\/span><\/a><\/p>","protected":false},"author":2,"featured_media":0,"parent":0,"menu_order":0,"comment_status":"open","ping_status":"open","template":"","meta":{"_acf_changed":false,"footnotes":""},"class_list":["post-22","page","type-page","status-publish","hentry"],"acf":[],"_links":{"self":[{"href":"https:\/\/learnandmore.com\/it\/wp-json\/wp\/v2\/pages\/22","targetHints":{"allow":["GET"]}}],"collection":[{"href":"https:\/\/learnandmore.com\/it\/wp-json\/wp\/v2\/pages"}],"about":[{"href":"https:\/\/learnandmore.com\/it\/wp-json\/wp\/v2\/types\/page"}],"author":[{"embeddable":true,"href":"https:\/\/learnandmore.com\/it\/wp-json\/wp\/v2\/users\/2"}],"replies":[{"embeddable":true,"href":"https:\/\/learnandmore.com\/it\/wp-json\/wp\/v2\/comments?post=22"}],"version-history":[{"count":37,"href":"https:\/\/learnandmore.com\/it\/wp-json\/wp\/v2\/pages\/22\/revisions"}],"predecessor-version":[{"id":1678,"href":"https:\/\/learnandmore.com\/it\/wp-json\/wp\/v2\/pages\/22\/revisions\/1678"}],"wp:attachment":[{"href":"https:\/\/learnandmore.com\/it\/wp-json\/wp\/v2\/media?parent=22"}],"curies":[{"name":"wp","href":"https:\/\/api.w.org\/{rel}","templated":true}]}}