{"id":234,"date":"2014-03-18T18:42:28","date_gmt":"2014-03-18T16:42:28","guid":{"rendered":"http:\/\/learnandmore.com\/?page_id=234"},"modified":"2022-06-10T13:49:42","modified_gmt":"2022-06-10T12:49:42","slug":"das-team","status":"publish","type":"page","link":"https:\/\/learnandmore.com\/it\/das-team\/","title":{"rendered":"Il nostro team"},"content":{"rendered":"<p><strong>Petra Baumgart<\/strong><\/p>\n<p><img loading=\"lazy\" decoding=\"async\" class=\"alignnone size-full wp-image-907\" src=\"https:\/\/learnandmore.com\/wp-content\/uploads\/2014\/03\/Petra.jpg\" alt=\"\" width=\"300\" height=\"400\" \/><\/p>\n<p>Insegnante diplomata in matematica e fisica; molti anni di esperienza professionale nell'ambito scolastico e nella supervisione scolastica in Germania.<\/p>\n<p><span style=\"text-decoration: underline;\">Principali aree di attivit\u00e0:<\/span> matematica, fisica, tedesco e inglese. L'attenzione \u00e8 focalizzata sullo sviluppo di tecniche di apprendimento su misura che consolidano le conoscenze di base e aiutano ad elaborare le nuove conoscenze. Il supporto \u00e8 fornito da materiali di provata efficacia, provenienti da noti editori di libri di testo e media moderni. Il supporto all'apprendimento \u00e8 fornito in piccoli gruppi o in contesti individuali.<\/p>\n<p><em>Il suo credo: \"Qualcuno ti pu\u00f2 aprira la porta, ma devi attraversarla tu stesso.\" (Confucio)<\/em><\/p>\n<hr \/>\n<p><strong>Antje Baumgart<\/strong><\/p>\n<p><img loading=\"lazy\" decoding=\"async\" class=\"alignnone size-full wp-image-909\" src=\"https:\/\/learnandmore.com\/wp-content\/uploads\/2014\/03\/Antje.jpg\" alt=\"\" width=\"200\" height=\"200\" \/><\/p>\n<p>Pedagoga sociale laureata; diversi anni di esperienza professionale nel lavoro con giovani con esigenze specifiche di assistenza<\/p>\n<p><span style=\"text-decoration: underline;\">Principali aree di attivit\u00e0:<\/span> supporto qualificato per i compiti a casa, attivit\u00e0 creative per il tempo libero, promozione di competenze sociali ed emotive adeguate all'et\u00e0 e consulenza ai genitori. L'attenzione \u00e8 focalizzata sull'orientamento all'apprendimento in un contesto inidividuale o in piccolo gruppi.<\/p>\n<p><em>Il suo credo: \"Imparare \u00e8 come remare controcorrente. Se ti fermi, torni indietro.\" (Laozi)<\/em><\/p>\n<hr \/>\n<p><strong>Carmen Aversa<\/strong><\/p>\n<p><img loading=\"lazy\" decoding=\"async\" class=\"alignnone size-full wp-image-912\" src=\"https:\/\/learnandmore.com\/wp-content\/uploads\/2014\/03\/Carmen.jpg\" alt=\"\" width=\"200\" height=\"300\" \/><\/p>\n<p>Studio presso l'Universit\u00e0 \"Scienze dell'Educazione G. M. Bertin\" di Bologna; soggiorni linguistici a Londra; esperienze lavorative nel settore scolastico<\/p>\n<p><span style=\"text-decoration: underline;\">Principali aree di attivit\u00e0:<\/span> italiano e inglese per tutti i livelli. L'attenzione \u00e8 focalizzata sull'insegnamento e sul supporto ai compiti a casa per gli studenti, incoraggiandoli a lavorare e ad apprendere in modo indipendente.<\/p>\n<p><em>Il suo credo. \"Non avrai mai fallito finch\u00e9 continuerai a provare.\" (anonimo)<\/em><\/p>\n<p>&nbsp;<\/p>","protected":false},"excerpt":{"rendered":"<p>Petra Baumgart Diplomlehrerin f\u00fcr Mathematik und Physik; langj\u00e4hrige berufliche Erfahrungen in der Schulpraxis und im Schulaufsichtswesen in Deutschland T\u00e4tigkeitsschwerpunkte: Unterrichtsf\u00e4cher Mathematik, Physik sowie Deutsch und Englisch. Im Mittelpunkt steht dabei die Erarbeitung individuell abgestimmter Lerntechniken, die Grundlagenkenntnisse zu festigen und das neue Wissen verarbeiten helfen. Zur Unterst\u00fctzung werden bew\u00e4hrte Materialien von bekannten Schulbuchverlagen sowie die &hellip; <a href=\"https:\/\/learnandmore.com\/it\/das-team\/\" class=\"more-link\">Continua a leggere <span class=\"screen-reader-text\">Il nostro team<\/span><\/a><\/p>","protected":false},"author":2,"featured_media":0,"parent":0,"menu_order":0,"comment_status":"open","ping_status":"open","template":"","meta":{"_acf_changed":false,"footnotes":""},"class_list":["post-234","page","type-page","status-publish","hentry"],"acf":[],"_links":{"self":[{"href":"https:\/\/learnandmore.com\/it\/wp-json\/wp\/v2\/pages\/234","targetHints":{"allow":["GET"]}}],"collection":[{"href":"https:\/\/learnandmore.com\/it\/wp-json\/wp\/v2\/pages"}],"about":[{"href":"https:\/\/learnandmore.com\/it\/wp-json\/wp\/v2\/types\/page"}],"author":[{"embeddable":true,"href":"https:\/\/learnandmore.com\/it\/wp-json\/wp\/v2\/users\/2"}],"replies":[{"embeddable":true,"href":"https:\/\/learnandmore.com\/it\/wp-json\/wp\/v2\/comments?post=234"}],"version-history":[{"count":47,"href":"https:\/\/learnandmore.com\/it\/wp-json\/wp\/v2\/pages\/234\/revisions"}],"predecessor-version":[{"id":1481,"href":"https:\/\/learnandmore.com\/it\/wp-json\/wp\/v2\/pages\/234\/revisions\/1481"}],"wp:attachment":[{"href":"https:\/\/learnandmore.com\/it\/wp-json\/wp\/v2\/media?parent=234"}],"curies":[{"name":"wp","href":"https:\/\/api.w.org\/{rel}","templated":true}]}}