{"id":24,"date":"2013-12-16T16:09:52","date_gmt":"2013-12-16T14:09:52","guid":{"rendered":"http:\/\/learnandmore.com\/?page_id=24"},"modified":"2014-04-24T15:29:28","modified_gmt":"2014-04-24T13:29:28","slug":"unser-motto","status":"publish","type":"page","link":"https:\/\/learnandmore.com\/it\/unser-motto\/","title":{"rendered":"Il nostro motto"},"content":{"rendered":"<p><strong>Cosa significa imparare per noi<\/strong><\/p>\n<p><a href=\"https:\/\/learnandmore.com\/wp-content\/uploads\/2013\/12\/LearnAndMoreMotto.jpg\"><img loading=\"lazy\" decoding=\"async\" class=\"alignnone size-medium wp-image-124\" alt=\"LearnAndMoreMotto\" src=\"https:\/\/learnandmore.com\/wp-content\/uploads\/2013\/12\/LearnAndMoreMotto-300x241.jpg\" width=\"300\" height=\"241\" srcset=\"https:\/\/learnandmore.com\/wp-content\/uploads\/2013\/12\/LearnAndMoreMotto-300x241.jpg 300w, https:\/\/learnandmore.com\/wp-content\/uploads\/2013\/12\/LearnAndMoreMotto.jpg 516w\" sizes=\"auto, (max-width: 300px) 100vw, 300px\" \/><\/a><\/p>\n<p><em>L'apprendimento<\/em> \u00e8 pi\u00f9 di un semplice accumulo di conoscenze fattuali.<\/p>\n<p><em>L'apprendimento<\/em> \u00e8 un processo olistico, completo e permanente che include anima e spirito.<\/p>\n<p><em>L'apprendimento<\/em> \u00e8 la curiosit\u00e0 per l'ignoto, il desiderio di scoprire e la gioia per il proprio rendimento.<\/p>\n<p><em>L'apprendimento<\/em> \u00e8 il rispetto per il proprio lavoro e lo sviluppo di un'immagine positiva di s\u00e9.<\/p>\n<p><em>L'apprendimento<\/em> richiede attivit\u00e0 e azione autonoma, vale a dire che l'informazione \u00e8 meglio memorizzata se generata da processi di apprendimento attivi.<\/p>\n<p><em>L'apprendimento<\/em> ha bisogno di emozioni positive che promuovano un pensiero libero e creativo. Anche se la pressione dettata dalla paura di dover rendere al massimo porta a risultati rilevanti nel breve termine, impedisce il mantenimento di una gioia fondamentale nell'apprendimento a lungo termine.<\/p>\n<p><em>L'apprendimento<\/em> ha bisogno di un'organizzazione stimolante e di sostegno che fornisca un quadro appropriato per fare i compiti a casa e prepararsi agli esami, al lavoro scolastico e agli esami.<\/p>\n<p><em>L'apprendimento<\/em> vollzieht sich ganzheitlich im Austausch mit anderen und wird erst durch seine Bedeutsamkeit nachhaltig.<\/p>","protected":false},"excerpt":{"rendered":"<p>Was Lernen f\u00fcr uns hei\u00dft Lernen ist mehr als nur eine Anh\u00e4ufung von Faktenwissen. Lernen ist ein ganzheitlicher, umfassender und lebenslanger Prozess, der Seele und Geist einschlie\u00dft. Lernen ist Neugier am Unbekannten, Lust am Entdecken und Freude \u00fcber die eigene Leistung. Lernen ist Respekt vor der eigenen Arbeit und die Entwicklung eines positiven Selbstbildes. Lernen &hellip; <a href=\"https:\/\/learnandmore.com\/it\/unser-motto\/\" class=\"more-link\">Continua a leggere <span class=\"screen-reader-text\">Il nostro motto<\/span><\/a><\/p>","protected":false},"author":2,"featured_media":0,"parent":0,"menu_order":0,"comment_status":"open","ping_status":"open","template":"","meta":{"_acf_changed":false,"footnotes":""},"class_list":["post-24","page","type-page","status-publish","hentry"],"acf":[],"_links":{"self":[{"href":"https:\/\/learnandmore.com\/it\/wp-json\/wp\/v2\/pages\/24","targetHints":{"allow":["GET"]}}],"collection":[{"href":"https:\/\/learnandmore.com\/it\/wp-json\/wp\/v2\/pages"}],"about":[{"href":"https:\/\/learnandmore.com\/it\/wp-json\/wp\/v2\/types\/page"}],"author":[{"embeddable":true,"href":"https:\/\/learnandmore.com\/it\/wp-json\/wp\/v2\/users\/2"}],"replies":[{"embeddable":true,"href":"https:\/\/learnandmore.com\/it\/wp-json\/wp\/v2\/comments?post=24"}],"version-history":[{"count":9,"href":"https:\/\/learnandmore.com\/it\/wp-json\/wp\/v2\/pages\/24\/revisions"}],"predecessor-version":[{"id":479,"href":"https:\/\/learnandmore.com\/it\/wp-json\/wp\/v2\/pages\/24\/revisions\/479"}],"wp:attachment":[{"href":"https:\/\/learnandmore.com\/it\/wp-json\/wp\/v2\/media?parent=24"}],"curies":[{"name":"wp","href":"https:\/\/api.w.org\/{rel}","templated":true}]}}